{"id":99,"date":"2015-04-20T10:12:59","date_gmt":"2015-04-20T08:12:59","guid":{"rendered":"http:\/\/beerihof.ch\/?page_id=99"},"modified":"2016-02-29T10:21:54","modified_gmt":"2016-02-29T09:21:54","slug":"zwetschgen","status":"publish","type":"page","link":"https:\/\/beerihof.ch\/wordpress2014\/index.php\/zwetschgen\/","title":{"rendered":"Zwetschgen"},"content":{"rendered":"<figure id=\"attachment_326\" aria-describedby=\"caption-attachment-326\" style=\"width: 300px\" class=\"wp-caption alignleft\"><a href=\"http:\/\/beerihof.ch\/wordpress2014\/wp-content\/uploads\/2015\/04\/P1010722.jpg\"><img loading=\"lazy\" decoding=\"async\" class=\"size-medium wp-image-326\" src=\"http:\/\/beerihof.ch\/wordpress2014\/wp-content\/uploads\/2015\/04\/P1010722-300x225.jpg\" alt=\"herbstlichem Morgentau, zeugt von sorgf\u00e4tiger Ernte\" width=\"300\" height=\"225\" srcset=\"https:\/\/beerihof.ch\/wordpress2014\/wp-content\/uploads\/2015\/04\/P1010722-300x225.jpg 300w, https:\/\/beerihof.ch\/wordpress2014\/wp-content\/uploads\/2015\/04\/P1010722-1024x768.jpg 1024w\" sizes=\"auto, (max-width: 300px) 100vw, 300px\" \/><\/a><figcaption id=\"caption-attachment-326\" class=\"wp-caption-text\">Zwetschge mit herbstlichem Morgentau, zeugt von sorgf\u00e4ltiger Ernte<\/figcaption><\/figure>\n<p>Was w\u00e4re ein Herbst ohne Zwetschgen? Damit wir noch mehr und l\u00e4nger Zwetschgen anbieten k\u00f6nnen haben wir die Zwetschgenallee erweitert.<\/p>\n","protected":false},"excerpt":{"rendered":"<p>Was w\u00e4re ein Herbst ohne Zwetschgen? Damit wir noch mehr und l\u00e4nger Zwetschgen anbieten k\u00f6nnen haben wir die Zwetschgenallee erweitert.<\/p>\n","protected":false},"author":1,"featured_media":0,"parent":0,"menu_order":0,"comment_status":"closed","ping_status":"closed","template":"","meta":{"footnotes":""},"class_list":["post-99","page","type-page","status-publish","hentry"],"_links":{"self":[{"href":"https:\/\/beerihof.ch\/wordpress2014\/index.php\/wp-json\/wp\/v2\/pages\/99","targetHints":{"allow":["GET"]}}],"collection":[{"href":"https:\/\/beerihof.ch\/wordpress2014\/index.php\/wp-json\/wp\/v2\/pages"}],"about":[{"href":"https:\/\/beerihof.ch\/wordpress2014\/index.php\/wp-json\/wp\/v2\/types\/page"}],"author":[{"embeddable":true,"href":"https:\/\/beerihof.ch\/wordpress2014\/index.php\/wp-json\/wp\/v2\/users\/1"}],"replies":[{"embeddable":true,"href":"https:\/\/beerihof.ch\/wordpress2014\/index.php\/wp-json\/wp\/v2\/comments?post=99"}],"version-history":[{"count":4,"href":"https:\/\/beerihof.ch\/wordpress2014\/index.php\/wp-json\/wp\/v2\/pages\/99\/revisions"}],"predecessor-version":[{"id":382,"href":"https:\/\/beerihof.ch\/wordpress2014\/index.php\/wp-json\/wp\/v2\/pages\/99\/revisions\/382"}],"wp:attachment":[{"href":"https:\/\/beerihof.ch\/wordpress2014\/index.php\/wp-json\/wp\/v2\/media?parent=99"}],"curies":[{"name":"wp","href":"https:\/\/api.w.org\/{rel}","templated":true}]}}