{"id":97,"date":"2015-04-20T10:12:49","date_gmt":"2015-04-20T08:12:49","guid":{"rendered":"http:\/\/beerihof.ch\/?page_id=97"},"modified":"2015-05-21T18:09:57","modified_gmt":"2015-05-21T16:09:57","slug":"nektarinen","status":"publish","type":"page","link":"https:\/\/beerihof.ch\/wordpress2014\/index.php\/nektarinen\/","title":{"rendered":"Nektarinen"},"content":{"rendered":"<p>Eine\u00a0 neue Frucht auf dem Beerihof, die wir im Herbst 2006 gepflanzt\u00a0haben.\u00a0Im 2009\u00a0 konnten wir erstmals einige Fr\u00fcchte pfl\u00fccken und freuen uns jedes Jahr auf einen reiche Ernte der saftig s\u00fcssen Fr\u00fcchte, die es kaum aus Schweizerproduktion zu kaufen gibt<\/p>\n<figure id=\"attachment_318\" aria-describedby=\"caption-attachment-318\" style=\"width: 300px\" class=\"wp-caption alignleft\"><a href=\"http:\/\/beerihof.ch\/wordpress2014\/wp-content\/uploads\/2015\/04\/P1010724.jpg\"><img loading=\"lazy\" decoding=\"async\" class=\"size-medium wp-image-318\" src=\"http:\/\/beerihof.ch\/wordpress2014\/wp-content\/uploads\/2015\/04\/P1010724-300x225.jpg\" alt=\"hofeigene Pfirsich\" width=\"300\" height=\"225\" srcset=\"https:\/\/beerihof.ch\/wordpress2014\/wp-content\/uploads\/2015\/04\/P1010724-300x225.jpg 300w, https:\/\/beerihof.ch\/wordpress2014\/wp-content\/uploads\/2015\/04\/P1010724-1024x768.jpg 1024w\" sizes=\"auto, (max-width: 300px) 100vw, 300px\" \/><\/a><figcaption id=\"caption-attachment-318\" class=\"wp-caption-text\">hofeigene Pfirsich<\/figcaption><\/figure>\n<p>.<\/p>\n","protected":false},"excerpt":{"rendered":"<p>Eine\u00a0 neue Frucht auf dem Beerihof, die wir im Herbst 2006 gepflanzt\u00a0haben.\u00a0Im 2009\u00a0 konnten wir erstmals einige Fr\u00fcchte pfl\u00fccken und freuen uns jedes Jahr auf einen reiche Ernte der saftig s\u00fcssen Fr\u00fcchte, die es kaum aus Schweizerproduktion zu kaufen gibt .<\/p>\n","protected":false},"author":1,"featured_media":0,"parent":0,"menu_order":0,"comment_status":"closed","ping_status":"closed","template":"","meta":{"footnotes":""},"class_list":["post-97","page","type-page","status-publish","hentry"],"_links":{"self":[{"href":"https:\/\/beerihof.ch\/wordpress2014\/index.php\/wp-json\/wp\/v2\/pages\/97","targetHints":{"allow":["GET"]}}],"collection":[{"href":"https:\/\/beerihof.ch\/wordpress2014\/index.php\/wp-json\/wp\/v2\/pages"}],"about":[{"href":"https:\/\/beerihof.ch\/wordpress2014\/index.php\/wp-json\/wp\/v2\/types\/page"}],"author":[{"embeddable":true,"href":"https:\/\/beerihof.ch\/wordpress2014\/index.php\/wp-json\/wp\/v2\/users\/1"}],"replies":[{"embeddable":true,"href":"https:\/\/beerihof.ch\/wordpress2014\/index.php\/wp-json\/wp\/v2\/comments?post=97"}],"version-history":[{"count":4,"href":"https:\/\/beerihof.ch\/wordpress2014\/index.php\/wp-json\/wp\/v2\/pages\/97\/revisions"}],"predecessor-version":[{"id":319,"href":"https:\/\/beerihof.ch\/wordpress2014\/index.php\/wp-json\/wp\/v2\/pages\/97\/revisions\/319"}],"wp:attachment":[{"href":"https:\/\/beerihof.ch\/wordpress2014\/index.php\/wp-json\/wp\/v2\/media?parent=97"}],"curies":[{"name":"wp","href":"https:\/\/api.w.org\/{rel}","templated":true}]}}