{"id":95,"date":"2015-04-20T10:12:38","date_gmt":"2015-04-20T08:12:38","guid":{"rendered":"http:\/\/beerihof.ch\/?page_id=95"},"modified":"2015-05-21T18:04:51","modified_gmt":"2015-05-21T16:04:51","slug":"kirschen","status":"publish","type":"page","link":"https:\/\/beerihof.ch\/wordpress2014\/index.php\/kirschen\/","title":{"rendered":"Kirschen"},"content":{"rendered":"<figure id=\"attachment_313\" aria-describedby=\"caption-attachment-313\" style=\"width: 300px\" class=\"wp-caption alignleft\"><a href=\"http:\/\/beerihof.ch\/wordpress2014\/wp-content\/uploads\/2015\/04\/P1010645.jpg\"><img loading=\"lazy\" decoding=\"async\" class=\"size-medium wp-image-313\" src=\"http:\/\/beerihof.ch\/wordpress2014\/wp-content\/uploads\/2015\/04\/P1010645-300x225.jpg\" alt=\"Tafelkirschen\" width=\"300\" height=\"225\" srcset=\"https:\/\/beerihof.ch\/wordpress2014\/wp-content\/uploads\/2015\/04\/P1010645-300x225.jpg 300w, https:\/\/beerihof.ch\/wordpress2014\/wp-content\/uploads\/2015\/04\/P1010645-1024x768.jpg 1024w\" sizes=\"auto, (max-width: 300px) 100vw, 300px\" \/><\/a><figcaption id=\"caption-attachment-313\" class=\"wp-caption-text\">Tafelkirschen<\/figcaption><\/figure>\n<p>F\u00fcnf grosse B\u00e4ume haben wir von unseren Verp\u00e4chtern \u00fcbernommen und in den vergangenen Jahren noch Niederstammb\u00e4ume gepflanzt. Die Tafelkirschen- und Sauerkirschenb\u00e4ume bescheren uns jedes Jahr mehr von diesen feinen Fr\u00fcchte.<\/p>\n","protected":false},"excerpt":{"rendered":"<p>F\u00fcnf grosse B\u00e4ume haben wir von unseren Verp\u00e4chtern \u00fcbernommen und in den vergangenen Jahren noch Niederstammb\u00e4ume gepflanzt. Die Tafelkirschen- und Sauerkirschenb\u00e4ume bescheren uns jedes Jahr mehr von diesen feinen Fr\u00fcchte.<\/p>\n","protected":false},"author":1,"featured_media":0,"parent":0,"menu_order":0,"comment_status":"closed","ping_status":"closed","template":"","meta":{"footnotes":""},"class_list":["post-95","page","type-page","status-publish","hentry"],"_links":{"self":[{"href":"https:\/\/beerihof.ch\/wordpress2014\/index.php\/wp-json\/wp\/v2\/pages\/95","targetHints":{"allow":["GET"]}}],"collection":[{"href":"https:\/\/beerihof.ch\/wordpress2014\/index.php\/wp-json\/wp\/v2\/pages"}],"about":[{"href":"https:\/\/beerihof.ch\/wordpress2014\/index.php\/wp-json\/wp\/v2\/types\/page"}],"author":[{"embeddable":true,"href":"https:\/\/beerihof.ch\/wordpress2014\/index.php\/wp-json\/wp\/v2\/users\/1"}],"replies":[{"embeddable":true,"href":"https:\/\/beerihof.ch\/wordpress2014\/index.php\/wp-json\/wp\/v2\/comments?post=95"}],"version-history":[{"count":3,"href":"https:\/\/beerihof.ch\/wordpress2014\/index.php\/wp-json\/wp\/v2\/pages\/95\/revisions"}],"predecessor-version":[{"id":314,"href":"https:\/\/beerihof.ch\/wordpress2014\/index.php\/wp-json\/wp\/v2\/pages\/95\/revisions\/314"}],"wp:attachment":[{"href":"https:\/\/beerihof.ch\/wordpress2014\/index.php\/wp-json\/wp\/v2\/media?parent=95"}],"curies":[{"name":"wp","href":"https:\/\/api.w.org\/{rel}","templated":true}]}}