{"id":89,"date":"2015-04-20T10:12:05","date_gmt":"2015-04-20T08:12:05","guid":{"rendered":"http:\/\/beerihof.ch\/?page_id=89"},"modified":"2015-05-21T18:00:06","modified_gmt":"2015-05-21T16:00:06","slug":"aprikosen","status":"publish","type":"page","link":"https:\/\/beerihof.ch\/wordpress2014\/index.php\/aprikosen\/","title":{"rendered":"Aprikosen"},"content":{"rendered":"<p><a href=\"http:\/\/beerihof.ch\/wordpress2014\/wp-content\/uploads\/2015\/04\/P1010628.jpg\"><img loading=\"lazy\" decoding=\"async\" class=\"alignleft size-medium wp-image-307\" src=\"http:\/\/beerihof.ch\/wordpress2014\/wp-content\/uploads\/2015\/04\/P1010628-300x225.jpg\" alt=\"P1010628\" width=\"300\" height=\"225\" srcset=\"https:\/\/beerihof.ch\/wordpress2014\/wp-content\/uploads\/2015\/04\/P1010628-300x225.jpg 300w, https:\/\/beerihof.ch\/wordpress2014\/wp-content\/uploads\/2015\/04\/P1010628-1024x768.jpg 1024w\" sizes=\"auto, (max-width: 300px) 100vw, 300px\" \/><\/a>Jedes Jahr ist es ein Bangen, zu welchen Zeitpunkt die Aprikosen bl\u00fchen. Denn w\u00e4hrend und nach dem Bl\u00fchen sollte es keinen Frost mehr geben, da sonst alle Fr\u00fcchte erfriefen. Somit h\u00e4ngt die Aprikosenernte vom passendem Wetter ab.<\/p>\n<p>Leider sind unsere B\u00e4ume am Bakterienbrand erkrankt. Wir versuchten die B\u00e4ume zu ersetzen, aber sie wurden immer wieder aufs Neue krank. Wir haben nur noch wenige B\u00e4ume und h\u00e4ufig gibt es kaum Fr\u00fcchte f\u00fcr den Verkauf. Konfifr\u00fcchte (2. Klassfr\u00fcchte) k\u00f6nnen wir jedoch fast jedes Jahr pfl\u00fccken, so dass wir wenigstens diese beliebte Konfi herstellen k\u00f6nnen.<\/p>\n","protected":false},"excerpt":{"rendered":"<p>Jedes Jahr ist es ein Bangen, zu welchen Zeitpunkt die Aprikosen bl\u00fchen. Denn w\u00e4hrend und nach dem Bl\u00fchen sollte es keinen Frost mehr geben, da sonst alle Fr\u00fcchte erfriefen. Somit h\u00e4ngt die Aprikosenernte vom passendem Wetter ab. Leider sind unsere B\u00e4ume am Bakterienbrand erkrankt. Wir versuchten die B\u00e4ume zu ersetzen, aber sie wurden immer wieder &hellip; <a href=\"https:\/\/beerihof.ch\/wordpress2014\/index.php\/aprikosen\/\" class=\"more-link\">Continue reading <span class=\"screen-reader-text\">Aprikosen<\/span><\/a><\/p>\n","protected":false},"author":1,"featured_media":0,"parent":0,"menu_order":0,"comment_status":"closed","ping_status":"closed","template":"","meta":{"footnotes":""},"class_list":["post-89","page","type-page","status-publish","hentry"],"_links":{"self":[{"href":"https:\/\/beerihof.ch\/wordpress2014\/index.php\/wp-json\/wp\/v2\/pages\/89","targetHints":{"allow":["GET"]}}],"collection":[{"href":"https:\/\/beerihof.ch\/wordpress2014\/index.php\/wp-json\/wp\/v2\/pages"}],"about":[{"href":"https:\/\/beerihof.ch\/wordpress2014\/index.php\/wp-json\/wp\/v2\/types\/page"}],"author":[{"embeddable":true,"href":"https:\/\/beerihof.ch\/wordpress2014\/index.php\/wp-json\/wp\/v2\/users\/1"}],"replies":[{"embeddable":true,"href":"https:\/\/beerihof.ch\/wordpress2014\/index.php\/wp-json\/wp\/v2\/comments?post=89"}],"version-history":[{"count":5,"href":"https:\/\/beerihof.ch\/wordpress2014\/index.php\/wp-json\/wp\/v2\/pages\/89\/revisions"}],"predecessor-version":[{"id":308,"href":"https:\/\/beerihof.ch\/wordpress2014\/index.php\/wp-json\/wp\/v2\/pages\/89\/revisions\/308"}],"wp:attachment":[{"href":"https:\/\/beerihof.ch\/wordpress2014\/index.php\/wp-json\/wp\/v2\/media?parent=89"}],"curies":[{"name":"wp","href":"https:\/\/api.w.org\/{rel}","templated":true}]}}