{"id":70,"date":"2015-04-20T10:08:34","date_gmt":"2015-04-20T08:08:34","guid":{"rendered":"http:\/\/beerihof.ch\/?page_id=70"},"modified":"2015-04-20T10:37:08","modified_gmt":"2015-04-20T08:37:08","slug":"tiefgekuehlte-beeren","status":"publish","type":"page","link":"https:\/\/beerihof.ch\/wordpress2014\/index.php\/unsere-produkte\/beeren\/tiefgekuehlte-beeren\/","title":{"rendered":"Tiefgek\u00fchlte Beeren"},"content":{"rendered":"<p>Wir verl\u00e4ngern die Beerensaison f\u00fcr Sie! So k\u00f6nnen Sie auch im Winter ein Beerendessert zaubern.<br \/>\nTiefgek\u00fchlte Beeren in 250g und 500g S\u00e4cken, einzeln tiefgek\u00fchlt sind jederzeit bei uns erh\u00e4ltlich und einfach zum Zubereiten.<\/p>\n","protected":false},"excerpt":{"rendered":"<p>Wir verl\u00e4ngern die Beerensaison f\u00fcr Sie! So k\u00f6nnen Sie auch im Winter ein Beerendessert zaubern. Tiefgek\u00fchlte Beeren in 250g und 500g S\u00e4cken, einzeln tiefgek\u00fchlt sind jederzeit bei uns erh\u00e4ltlich und einfach zum Zubereiten.<\/p>\n","protected":false},"author":1,"featured_media":0,"parent":35,"menu_order":0,"comment_status":"closed","ping_status":"closed","template":"","meta":{"footnotes":""},"class_list":["post-70","page","type-page","status-publish","hentry"],"_links":{"self":[{"href":"https:\/\/beerihof.ch\/wordpress2014\/index.php\/wp-json\/wp\/v2\/pages\/70","targetHints":{"allow":["GET"]}}],"collection":[{"href":"https:\/\/beerihof.ch\/wordpress2014\/index.php\/wp-json\/wp\/v2\/pages"}],"about":[{"href":"https:\/\/beerihof.ch\/wordpress2014\/index.php\/wp-json\/wp\/v2\/types\/page"}],"author":[{"embeddable":true,"href":"https:\/\/beerihof.ch\/wordpress2014\/index.php\/wp-json\/wp\/v2\/users\/1"}],"replies":[{"embeddable":true,"href":"https:\/\/beerihof.ch\/wordpress2014\/index.php\/wp-json\/wp\/v2\/comments?post=70"}],"version-history":[{"count":4,"href":"https:\/\/beerihof.ch\/wordpress2014\/index.php\/wp-json\/wp\/v2\/pages\/70\/revisions"}],"predecessor-version":[{"id":177,"href":"https:\/\/beerihof.ch\/wordpress2014\/index.php\/wp-json\/wp\/v2\/pages\/70\/revisions\/177"}],"up":[{"embeddable":true,"href":"https:\/\/beerihof.ch\/wordpress2014\/index.php\/wp-json\/wp\/v2\/pages\/35"}],"wp:attachment":[{"href":"https:\/\/beerihof.ch\/wordpress2014\/index.php\/wp-json\/wp\/v2\/media?parent=70"}],"curies":[{"name":"wp","href":"https:\/\/api.w.org\/{rel}","templated":true}]}}