{"id":565,"date":"2017-05-29T17:50:40","date_gmt":"2017-05-29T15:50:40","guid":{"rendered":"http:\/\/beerihof.ch\/?page_id=565"},"modified":"2026-04-25T09:43:36","modified_gmt":"2026-04-25T07:43:36","slug":"das-aktuelle-angebot","status":"publish","type":"page","link":"https:\/\/beerihof.ch\/wordpress2014\/index.php\/das-aktuelle-angebot\/","title":{"rendered":"Das aktuelle Angebot"},"content":{"rendered":"\n<p>Unter der Rubrik \u201e<a title=\"Saisonkalender\" href=\"http:\/\/beerihof.ch\/index.php\/unsere-produkte\/\">unsere Produkte<\/a>\u201c k\u00f6nnen Sie sich genauer zu einzelnen Produkten informieren. Der <a title=\"Saisonkalender\" href=\"http:\/\/beerihof.ch\/index.php\/unsere-produkte\/\">Saisonkalender<\/a> bietet Ihnen die Gelegenheit, Ihrer Vorfreude freien Lauf zu lassen.<\/p>\n\n\n\n<h1 class=\"wp-block-heading\">\u00a0<img loading=\"lazy\" decoding=\"async\" width=\"500\" height=\"667\" class=\"wp-image-262\" style=\"width: 500px;\" src=\"https:\/\/beerihof.ch\/wordpress2014\/wp-content\/uploads\/2014\/03\/P1010537-e1430728259392.jpg\" alt=\"\" srcset=\"https:\/\/beerihof.ch\/wordpress2014\/wp-content\/uploads\/2014\/03\/P1010537-e1430728259392.jpg 2736w, https:\/\/beerihof.ch\/wordpress2014\/wp-content\/uploads\/2014\/03\/P1010537-e1430728259392-225x300.jpg 225w, https:\/\/beerihof.ch\/wordpress2014\/wp-content\/uploads\/2014\/03\/P1010537-e1430728259392-768x1024.jpg 768w\" sizes=\"auto, (max-width: 500px) 100vw, 500px\" \/><\/h1>\n\n\n\n<h1 class=\"wp-block-heading\">Frisch:<\/h1>\n\n\n\n<p><em>Aktualisiert am 21.4.2026<\/em><\/p>\n\n\n\n<ul class=\"wp-block-list\">\n<li>Rhabarber<\/li>\n\n\n\n<li>Spargeln vom Hof Schellenberg in Wasen, Schleinikon<\/li>\n\n\n\n<li>Fr\u00fchlingshit: erste frische Fr\u00fchlingssalate (aus ungeheiztem Tunnel) und Radischen<\/li>\n\n\n\n<li>\u00c4pfel: Boskoop, Berner Rosen, Jonagored, und Gala<\/li>\n\n\n\n<li>Birnen: Conference<\/li>\n\n\n\n<li>Topinambur<\/li>\n\n\n\n<li>Schwarzwurzeln<\/li>\n\n\n\n<li>Baumn\u00fcsse<\/li>\n\n\n\n<li>Regionals Gem\u00fcse von Gem\u00fcse Huber und Mirmenhof Schlatter S\u00fcnikon: Lauch, R\u00fcebli, Randen (roh und ged\u00e4mpft), Pastinaken, Zwiebeln rot und blond. Gem\u00fcse nach Verf\u00fcgbarkeit<\/li>\n\n\n\n<li>Ziegenk\u00e4se von der Alp: Feta, Mutschli und Alpk\u00e4se<\/li>\n\n\n\n<li>Gitzifleisch im Verlauf des Mais, jetzt vorbestellen<\/li>\n\n\n\n<li>Sanddornsaft, pasteurisiert und frisch gepresst<\/li>\n\n\n\n<li>Meringue hergestellt mit unserem Eiweiss (die Eigelb ben\u00f6tigen wir f\u00fcr unseren sagenhaften Eierkirsch) und Meringue vom K\u00e4mmeriboden<\/li>\n\n\n\n<li>Dinkel- und Berner Br\u00e4tzeli<\/li>\n\n\n\n<li>Aus der Backstube Zuckers\u00fcss von Corinne Baumann: feine Guetzli, wechselndes Sortiment<\/li>\n\n\n\n<li>Grosses Sortiment an Mehl von unserem Getreide: Weizen (alte gute Backsorte), UrDinkel, Roggen.<\/li>\n\n\n\n<li>Baumnusskernen<\/li>\n\n\n\n<li>Von der Alp: Kuhk\u00e4se, Alpbutter,&nbsp; gelagerte Alpk\u00e4se<\/li>\n\n\n\n<li>Vom Acker: Weizen- (eine alte, gut verdauliche Weizensorte), UrDinkel- und Roggenk\u00f6rner und -mehl (auf Vorbestellung im 5 oder 25 kg Sack)<\/li>\n\n\n\n<li>Bachser Forellen und -filet<\/li>\n\n\n\n<li>grosses Sortiment an UrDinkel Teigwaren<\/li>\n\n\n\n<li>fermentiertes Sauerkraut<\/li>\n\n\n\n<li>grosses Sortiment an Beeren- und Fr\u00fcchtekonfis, klassisch und kreativ<\/li>\n\n\n\n<li>Eier von Freilandh\u00fchnern mit grosser Weide (Eigene und zugekaufte von Familie Seiler, Kastelhof, Niederhasli)<\/li>\n\n\n\n<li>Fruchts\u00e4fte in Literflasche und Bag in Box : Apfelsaft, Birnensaft, Kirschsaft und Beeren-Obstmischs\u00e4fte (past.)<\/li>\n<\/ul>\n\n\n\n<h1 class=\"wp-block-heading\"><strong>Hofeigenen Ackerprodukte<\/strong><\/h1>\n\n\n<div class=\"wp-block-image\">\n<figure class=\"alignleft\"><a href=\"http:\/\/beerihof.ch\/wordpress2014\/wp-content\/uploads\/2014\/03\/P1030501.jpg\" rel=\"attachment wp-att-443\"><img loading=\"lazy\" decoding=\"async\" width=\"300\" height=\"225\" src=\"http:\/\/beerihof.ch\/wordpress2014\/wp-content\/uploads\/2014\/03\/P1030501-300x225.jpg\" alt=\"Alles vom hofeigenen Acker\" class=\"wp-image-443\" srcset=\"https:\/\/beerihof.ch\/wordpress2014\/wp-content\/uploads\/2014\/03\/P1030501-300x225.jpg 300w, https:\/\/beerihof.ch\/wordpress2014\/wp-content\/uploads\/2014\/03\/P1030501-1024x768.jpg 1024w\" sizes=\"auto, (max-width: 300px) 100vw, 300px\" \/><\/a><figcaption class=\"wp-element-caption\">Alles vom hofeigenen Acker<\/figcaption><\/figure>\n<\/div>\n\n\n<ul class=\"wp-block-list\">\n<li>Kaltgepresstes Raps- und Sonnenblumen\u00f6l<\/li>\n\n\n\n<li><strong>UrDinkelmehl <\/strong>und -k\u00f6rner, Dinkelspreu<\/li>\n\n\n\n<li>Weizenmehl (Ruch- Halbweiss und Weissmehl)<\/li>\n\n\n\n<li>Roggenmehl dunkel<\/li>\n\n\n\n<li>Brotbackmischung hell und dunkel<\/li>\n\n\n\n<li>UrDinkel-Teigwaren<\/li>\n\n\n\n<li>UrDinkel Br\u00e4tzeli und Bireweggen<\/li>\n<\/ul>\n\n\n\n<h1 class=\"wp-block-heading\">Aus<strong> der Beerihof-K\u00fcche<\/strong><\/h1>\n\n\n\n<ul class=\"wp-block-list\">\n<li>\u00fcber 50 Sorten Konfis\/Gel\u00e9es<\/li>\n\n\n\n<li>Apfelmus naturrein, Apfelmus ohne zugesetzen Zucker<\/li>\n\n\n\n<li>Saures und S\u00fcss\/Saures Eingemachtes (Gew\u00fcrzgurken)<\/li>\n\n\n\n<li>Hofeingene Siruperia mit klassischen und krativen Sirupe<\/li>\n\n\n\n<li>Edle Schn\u00e4pse und Lik\u00f6r, Degustieren m\u00f6glich<\/li>\n<\/ul>\n\n\n\n<h2 class=\"wp-block-heading\">Aus der Tiefk\u00fchltruhe<\/h2>\n\n\n\n<ul class=\"wp-block-list\">\n<li>diverse Beeren einzeln tiefgek\u00fchlt in 500 g S\u00e4ckli<\/li>\n\n\n\n<li>versch. Beeren-P\u00fcree<\/li>\n\n\n\n<li>Alpanke<\/li>\n\n\n\n<li>Sp\u00e4tzli<\/li>\n\n\n\n<li>Bachserforellen und -Forellenfilet<\/li>\n\n\n\n<li>Brot und Zopf<\/li>\n<\/ul>\n\n\n\n<h1 class=\"wp-block-heading\">Spezialit\u00e4ten<\/h1>\n\n\n\n<ul class=\"wp-block-list\">\n<li>Lik\u00f6r\/ Beeren-Edelbr\u00e4nde<\/li>\n<\/ul>\n\n\n\n<h1 class=\"wp-block-heading\"><strong>und sonst noch&#8230;<\/strong><\/h1>\n\n\n<div class=\"wp-block-image\">\n<figure class=\"alignleft\"><a href=\"http:\/\/beerihof.ch\/wordpress2014\/wp-content\/uploads\/2016\/02\/P1030173.jpg\"><img loading=\"lazy\" decoding=\"async\" width=\"300\" height=\"225\" src=\"http:\/\/beerihof.ch\/wordpress2014\/wp-content\/uploads\/2016\/02\/P1030173-300x225.jpg\" alt=\"Konfi\/Honig Set\" class=\"wp-image-417\" srcset=\"https:\/\/beerihof.ch\/wordpress2014\/wp-content\/uploads\/2016\/02\/P1030173-300x225.jpg 300w, https:\/\/beerihof.ch\/wordpress2014\/wp-content\/uploads\/2016\/02\/P1030173-1024x768.jpg 1024w\" sizes=\"auto, (max-width: 300px) 100vw, 300px\" \/><\/a><figcaption class=\"wp-element-caption\">Konfi\/Honig Set<\/figcaption><\/figure>\n<\/div>\n\n\n<ul class=\"wp-block-list\">\n<li>Honig<\/li>\n\n\n\n<li>glustig feine Geschenke und Mitbringsel<\/li>\n<\/ul>\n","protected":false},"excerpt":{"rendered":"<p>Unter der Rubrik \u201eunsere Produkte\u201c k\u00f6nnen Sie sich genauer zu einzelnen Produkten informieren. Der Saisonkalender bietet Ihnen die Gelegenheit, Ihrer Vorfreude freien Lauf zu lassen. \u00a0 Frisch: Aktualisiert am 21.4.2026 Hofeigenen Ackerprodukte Aus der Beerihof-K\u00fcche Aus der Tiefk\u00fchltruhe Spezialit\u00e4ten und sonst noch&#8230;<\/p>\n","protected":false},"author":1,"featured_media":1147,"parent":0,"menu_order":0,"comment_status":"closed","ping_status":"closed","template":"","meta":{"footnotes":""},"class_list":["post-565","page","type-page","status-publish","has-post-thumbnail","hentry"],"_links":{"self":[{"href":"https:\/\/beerihof.ch\/wordpress2014\/index.php\/wp-json\/wp\/v2\/pages\/565","targetHints":{"allow":["GET"]}}],"collection":[{"href":"https:\/\/beerihof.ch\/wordpress2014\/index.php\/wp-json\/wp\/v2\/pages"}],"about":[{"href":"https:\/\/beerihof.ch\/wordpress2014\/index.php\/wp-json\/wp\/v2\/types\/page"}],"author":[{"embeddable":true,"href":"https:\/\/beerihof.ch\/wordpress2014\/index.php\/wp-json\/wp\/v2\/users\/1"}],"replies":[{"embeddable":true,"href":"https:\/\/beerihof.ch\/wordpress2014\/index.php\/wp-json\/wp\/v2\/comments?post=565"}],"version-history":[{"count":385,"href":"https:\/\/beerihof.ch\/wordpress2014\/index.php\/wp-json\/wp\/v2\/pages\/565\/revisions"}],"predecessor-version":[{"id":1651,"href":"https:\/\/beerihof.ch\/wordpress2014\/index.php\/wp-json\/wp\/v2\/pages\/565\/revisions\/1651"}],"wp:featuredmedia":[{"embeddable":true,"href":"https:\/\/beerihof.ch\/wordpress2014\/index.php\/wp-json\/wp\/v2\/media\/1147"}],"wp:attachment":[{"href":"https:\/\/beerihof.ch\/wordpress2014\/index.php\/wp-json\/wp\/v2\/media?parent=565"}],"curies":[{"name":"wp","href":"https:\/\/api.w.org\/{rel}","templated":true}]}}