{"id":563,"date":"2017-05-29T17:49:39","date_gmt":"2017-05-29T15:49:39","guid":{"rendered":"http:\/\/beerihof.ch\/?page_id=563"},"modified":"2026-04-14T19:44:30","modified_gmt":"2026-04-14T17:44:30","slug":"willkommen-auf-dem-beerihof","status":"publish","type":"page","link":"https:\/\/beerihof.ch\/wordpress2014\/","title":{"rendered":"Willkommen auf dem Beerihof"},"content":{"rendered":"<p>Willkommen auf dem Beerihof von Daniela &amp; Harri Meienberg in Steinmaur. Auf dieser Webseite finden Sie alle wissenswerten Informationen \u00fcber unser Angebot, unsere Lage und das aktuelle Sortiment.<\/p>\n<p><strong>\u00d6FFNUNGSZEITEN:<br \/><\/strong>Der Hofladen ist wie folgt ge\u00f6ffnet:<br \/>Montag bis Freitag:\u00a0 \u00a0 \u00a0 \u00a0 \u00a08.30 Uhr bis 11.30 Uhr und 14.00 Uhr bis 18.30 Uhr<br \/>Samstag:\u00a0 \u00a0 \u00a0 \u00a0 \u00a0 \u00a0 \u00a0 \u00a0 \u00a0 \u00a0 \u00a0 \u00a0 \u00a0 8.30 Uhr bis 17.00 Uhr durchgehend<\/p>\n<p>\u00a0<\/p>\n<p><strong>SELBSTBEDIENUNGSZEITEN:<\/strong><br \/>Es gibt zwischendurch Selbstbedinungszeiten (\u00fcber den Mittag\/ Samstagnachmittags).<br \/>Wir danken Ihnen, wenn Sie sich mit entsprechendem M\u00fcnz vorbereiten (optional Twint) und Ihren Einkauf auf dem Bl\u00f6ckli notieren.<br \/><strong>\u00a0<\/strong><strong><br \/><\/strong><\/p>\n<p><strong> BEZAHLUNGSM\u00d6GLICHKEIT:<\/strong><br \/>Wir bieten im Hofladen TWINT an, die bargeldlose Bezahlung mit dem Handy. Bezahlen mit Bargeld ist weiterhin erw\u00fcnscht.<br \/>Falls Sie eine nachtr\u00e4gliche Zahlung twinten, senden Sie mir bitte zus\u00e4tzlich auch eine sms (079\/ 813 97 13), denn sonst ist es f\u00fcr mich sehr schwierig zum Nachvollziehen, woher das Geld kommt, danke!<a href=\"https:\/\/beerihof.ch\/wordpress2014\/wp-content\/uploads\/2020\/05\/beho_twint_plakette.png\"><img loading=\"lazy\" decoding=\"async\" class=\"aligncenter wp-image-836 size-medium\" src=\"https:\/\/beerihof.ch\/wordpress2014\/wp-content\/uploads\/2020\/05\/beho_twint_plakette-212x300.png\" alt=\"\" width=\"212\" height=\"300\" srcset=\"https:\/\/beerihof.ch\/wordpress2014\/wp-content\/uploads\/2020\/05\/beho_twint_plakette-212x300.png 212w, https:\/\/beerihof.ch\/wordpress2014\/wp-content\/uploads\/2020\/05\/beho_twint_plakette-724x1024.png 724w, https:\/\/beerihof.ch\/wordpress2014\/wp-content\/uploads\/2020\/05\/beho_twint_plakette-1085x1536.png 1085w, https:\/\/beerihof.ch\/wordpress2014\/wp-content\/uploads\/2020\/05\/beho_twint_plakette-1447x2048.png 1447w\" sizes=\"auto, (max-width: 212px) 100vw, 212px\" \/><\/a><\/p>\n<p>Schauen Sie sich ruhig um und kommen Sie doch auch einmal pers\u00f6nlich vorbei.<\/p>\n<p>F\u00fcr den Erntestart unserer Fr\u00fcchte und Beeren verweisen wir Sie auf unseren Telefonbeantworter oder &#8222;das aktuelle Angebot&#8220; auf der Internetseite.<\/p>\n\n\n<p><\/p>\n\n\n\n<p><\/p>\n","protected":false},"excerpt":{"rendered":"<p>Willkommen auf dem Beerihof von Daniela &amp; Harri Meienberg in Steinmaur. Auf dieser Webseite finden Sie alle wissenswerten Informationen \u00fcber unser Angebot, unsere Lage und das aktuelle Sortiment. \u00d6FFNUNGSZEITEN:Der Hofladen ist wie folgt ge\u00f6ffnet:Montag bis Freitag:\u00a0 \u00a0 \u00a0 \u00a0 \u00a08.30 Uhr bis 11.30 Uhr und 14.00 Uhr bis 18.30 UhrSamstag:\u00a0 \u00a0 \u00a0 \u00a0 \u00a0 \u00a0 &hellip; <a href=\"https:\/\/beerihof.ch\/wordpress2014\/\" class=\"more-link\">Continue reading <span class=\"screen-reader-text\">Willkommen auf dem Beerihof<\/span><\/a><\/p>\n","protected":false},"author":1,"featured_media":263,"parent":0,"menu_order":0,"comment_status":"closed","ping_status":"closed","template":"","meta":{"footnotes":""},"class_list":["post-563","page","type-page","status-publish","has-post-thumbnail","hentry"],"_links":{"self":[{"href":"https:\/\/beerihof.ch\/wordpress2014\/index.php\/wp-json\/wp\/v2\/pages\/563","targetHints":{"allow":["GET"]}}],"collection":[{"href":"https:\/\/beerihof.ch\/wordpress2014\/index.php\/wp-json\/wp\/v2\/pages"}],"about":[{"href":"https:\/\/beerihof.ch\/wordpress2014\/index.php\/wp-json\/wp\/v2\/types\/page"}],"author":[{"embeddable":true,"href":"https:\/\/beerihof.ch\/wordpress2014\/index.php\/wp-json\/wp\/v2\/users\/1"}],"replies":[{"embeddable":true,"href":"https:\/\/beerihof.ch\/wordpress2014\/index.php\/wp-json\/wp\/v2\/comments?post=563"}],"version-history":[{"count":201,"href":"https:\/\/beerihof.ch\/wordpress2014\/index.php\/wp-json\/wp\/v2\/pages\/563\/revisions"}],"predecessor-version":[{"id":1638,"href":"https:\/\/beerihof.ch\/wordpress2014\/index.php\/wp-json\/wp\/v2\/pages\/563\/revisions\/1638"}],"wp:featuredmedia":[{"embeddable":true,"href":"https:\/\/beerihof.ch\/wordpress2014\/index.php\/wp-json\/wp\/v2\/media\/263"}],"wp:attachment":[{"href":"https:\/\/beerihof.ch\/wordpress2014\/index.php\/wp-json\/wp\/v2\/media?parent=563"}],"curies":[{"name":"wp","href":"https:\/\/api.w.org\/{rel}","templated":true}]}}