{"id":56,"date":"2015-04-20T10:06:41","date_gmt":"2015-04-20T08:06:41","guid":{"rendered":"http:\/\/beerihof.ch\/?page_id=56"},"modified":"2015-05-07T21:44:53","modified_gmt":"2015-05-07T19:44:53","slug":"stachelbeeren","status":"publish","type":"page","link":"https:\/\/beerihof.ch\/wordpress2014\/index.php\/unsere-produkte\/beeren\/stachelbeeren\/","title":{"rendered":"Stachelbeeren"},"content":{"rendered":"<figure id=\"attachment_289\" aria-describedby=\"caption-attachment-289\" style=\"width: 300px\" class=\"wp-caption alignleft\"><a href=\"http:\/\/beerihof.ch\/wordpress2014\/wp-content\/uploads\/2015\/04\/P1010707.jpg\"><img loading=\"lazy\" decoding=\"async\" class=\"size-medium wp-image-289\" src=\"http:\/\/beerihof.ch\/wordpress2014\/wp-content\/uploads\/2015\/04\/P1010707-300x225.jpg\" alt=\"Stachelbeere rot\" width=\"300\" height=\"225\" srcset=\"https:\/\/beerihof.ch\/wordpress2014\/wp-content\/uploads\/2015\/04\/P1010707-300x225.jpg 300w, https:\/\/beerihof.ch\/wordpress2014\/wp-content\/uploads\/2015\/04\/P1010707-1024x768.jpg 1024w\" sizes=\"auto, (max-width: 300px) 100vw, 300px\" \/><\/a><figcaption id=\"caption-attachment-289\" class=\"wp-caption-text\">Stachelbeere rot<\/figcaption><\/figure>\n<p>Die Stachelbeere galt, wie andere Dornenstr\u00e4ucher auch, im Volksglaube als Schutzmittel gegen b\u00f6se Geister.<\/p>\n<p>Wir haben gelbe, gr\u00fcne und rote Stachelbeeren, die zu unterschiedlichen Zeitpunkte reif sind. Neben dem Frischkonsum ist die Stachelbeere eine wunderbare Frucht f\u00fcr die Verarbeitung zu Sirup und Konfi, eignet sich auch sehr gut zum Backen und f\u00fcr Desserts.<\/p>\n","protected":false},"excerpt":{"rendered":"<p>Die Stachelbeere galt, wie andere Dornenstr\u00e4ucher auch, im Volksglaube als Schutzmittel gegen b\u00f6se Geister. Wir haben gelbe, gr\u00fcne und rote Stachelbeeren, die zu unterschiedlichen Zeitpunkte reif sind. Neben dem Frischkonsum ist die Stachelbeere eine wunderbare Frucht f\u00fcr die Verarbeitung zu Sirup und Konfi, eignet sich auch sehr gut zum Backen und f\u00fcr Desserts.<\/p>\n","protected":false},"author":1,"featured_media":0,"parent":35,"menu_order":0,"comment_status":"closed","ping_status":"closed","template":"","meta":{"footnotes":""},"class_list":["post-56","page","type-page","status-publish","hentry"],"_links":{"self":[{"href":"https:\/\/beerihof.ch\/wordpress2014\/index.php\/wp-json\/wp\/v2\/pages\/56","targetHints":{"allow":["GET"]}}],"collection":[{"href":"https:\/\/beerihof.ch\/wordpress2014\/index.php\/wp-json\/wp\/v2\/pages"}],"about":[{"href":"https:\/\/beerihof.ch\/wordpress2014\/index.php\/wp-json\/wp\/v2\/types\/page"}],"author":[{"embeddable":true,"href":"https:\/\/beerihof.ch\/wordpress2014\/index.php\/wp-json\/wp\/v2\/users\/1"}],"replies":[{"embeddable":true,"href":"https:\/\/beerihof.ch\/wordpress2014\/index.php\/wp-json\/wp\/v2\/comments?post=56"}],"version-history":[{"count":3,"href":"https:\/\/beerihof.ch\/wordpress2014\/index.php\/wp-json\/wp\/v2\/pages\/56\/revisions"}],"predecessor-version":[{"id":290,"href":"https:\/\/beerihof.ch\/wordpress2014\/index.php\/wp-json\/wp\/v2\/pages\/56\/revisions\/290"}],"up":[{"embeddable":true,"href":"https:\/\/beerihof.ch\/wordpress2014\/index.php\/wp-json\/wp\/v2\/pages\/35"}],"wp:attachment":[{"href":"https:\/\/beerihof.ch\/wordpress2014\/index.php\/wp-json\/wp\/v2\/media?parent=56"}],"curies":[{"name":"wp","href":"https:\/\/api.w.org\/{rel}","templated":true}]}}