{"id":388,"date":"2016-02-29T15:32:32","date_gmt":"2016-02-29T14:32:32","guid":{"rendered":"http:\/\/beerihof.ch\/?page_id=388"},"modified":"2016-02-29T15:56:29","modified_gmt":"2016-02-29T14:56:29","slug":"geschenke-vom-beerihof","status":"publish","type":"page","link":"https:\/\/beerihof.ch\/wordpress2014\/index.php\/geschenke-vom-beerihof\/","title":{"rendered":"Geschenke vom Beerihof"},"content":{"rendered":"<h2>Geschenke zum Geniessen!<\/h2>\n<p>Sei es als Mitbringsel, Dankesch\u00f6n f\u00fcr eine Einladung, als Geburtstags- oder Weihnachtsgeschenk: ein Geschenk vom Beerihof mit gluschtig feinen \u00dcberraschungen kommt immer gut an.<\/p>\n<h2>Mitbringsel<\/h2>\n<figure id=\"attachment_419\" aria-describedby=\"caption-attachment-419\" style=\"width: 300px\" class=\"wp-caption alignleft\"><a href=\"http:\/\/beerihof.ch\/wordpress2014\/wp-content\/uploads\/2016\/02\/P1030467.jpg\"><img loading=\"lazy\" decoding=\"async\" class=\"wp-image-419 size-medium\" title=\"Konfi h\u00fcbsch verpackt\" src=\"http:\/\/beerihof.ch\/wordpress2014\/wp-content\/uploads\/2016\/02\/P1030467-300x225.jpg\" alt=\"Konfi h\u00fcbsch verpackt\" width=\"300\" height=\"225\" srcset=\"https:\/\/beerihof.ch\/wordpress2014\/wp-content\/uploads\/2016\/02\/P1030467-300x225.jpg 300w, https:\/\/beerihof.ch\/wordpress2014\/wp-content\/uploads\/2016\/02\/P1030467-1024x768.jpg 1024w\" sizes=\"auto, (max-width: 300px) 100vw, 300px\" \/><\/a><figcaption id=\"caption-attachment-419\" class=\"wp-caption-text\">Konfi h\u00fcbsch verpackt<\/figcaption><\/figure>\n<figure id=\"attachment_420\" aria-describedby=\"caption-attachment-420\" style=\"width: 300px\" class=\"wp-caption alignleft\"><a href=\"http:\/\/beerihof.ch\/wordpress2014\/wp-content\/uploads\/2016\/02\/P1030470.jpg\"><img loading=\"lazy\" decoding=\"async\" class=\"wp-image-420 size-medium\" src=\"http:\/\/beerihof.ch\/wordpress2014\/wp-content\/uploads\/2016\/02\/P1030470-300x225.jpg\" alt=\"Essig\/\u00d6l-Arrangement\" width=\"300\" height=\"225\" srcset=\"https:\/\/beerihof.ch\/wordpress2014\/wp-content\/uploads\/2016\/02\/P1030470-300x225.jpg 300w, https:\/\/beerihof.ch\/wordpress2014\/wp-content\/uploads\/2016\/02\/P1030470-1024x768.jpg 1024w\" sizes=\"auto, (max-width: 300px) 100vw, 300px\" \/><\/a><figcaption id=\"caption-attachment-420\" class=\"wp-caption-text\">Essig\/\u00d6l-Arrangement<\/figcaption><\/figure>\n<ul>\n<li>Eine feine Konfi, h\u00fcbsch arrangiert ist ein kleines, h\u00fcbsches Mitbringsel.<\/li>\n<li>Unsere \u00d6l\/Essig-Arrangements sind in jeder K\u00fcche willkommen.<\/li>\n<\/ul>\n<h2>Als Dankesch\u00f6n f\u00fcr die Einladung<\/h2>\n<div>\n<figure id=\"attachment_408\" aria-describedby=\"caption-attachment-408\" style=\"width: 150px\" class=\"wp-caption alignleft\"><a href=\"http:\/\/beerihof.ch\/wordpress2014\/wp-content\/uploads\/2016\/02\/P1020598-e1456752915584.jpg\"><img loading=\"lazy\" decoding=\"async\" class=\"wp-image-408 size-thumbnail\" src=\"http:\/\/beerihof.ch\/wordpress2014\/wp-content\/uploads\/2016\/02\/P1020598-e1456752915584-150x150.jpg\" alt=\"Kompott-T\u00fcrmli\" width=\"150\" height=\"150\" \/><\/a><figcaption id=\"caption-attachment-408\" class=\"wp-caption-text\">Kompott-T\u00fcrmli<\/figcaption><\/figure>\n<figure id=\"attachment_398\" aria-describedby=\"caption-attachment-398\" style=\"width: 150px\" class=\"wp-caption alignleft\"><a href=\"http:\/\/beerihof.ch\/wordpress2014\/wp-content\/uploads\/2016\/02\/P1010694-1-e1456753243939.jpg\"><img loading=\"lazy\" decoding=\"async\" class=\"wp-image-398 size-thumbnail\" src=\"http:\/\/beerihof.ch\/wordpress2014\/wp-content\/uploads\/2016\/02\/P1010694-1-e1456753243939-150x150.jpg\" alt=\"Honig aus eigener Imkerei\" width=\"150\" height=\"150\" \/><\/a><figcaption id=\"caption-attachment-398\" class=\"wp-caption-text\">Honig aus eigener Imkerei<\/figcaption><\/figure>\n<\/div>\n<div>\n<figure id=\"attachment_436\" aria-describedby=\"caption-attachment-436\" style=\"width: 150px\" class=\"wp-caption alignleft\"><a href=\"http:\/\/beerihof.ch\/wordpress2014\/wp-content\/uploads\/2016\/02\/P1030676.jpg\"><img loading=\"lazy\" decoding=\"async\" class=\"wp-image-436 size-thumbnail\" src=\"http:\/\/beerihof.ch\/wordpress2014\/wp-content\/uploads\/2016\/02\/P1030676-150x150.jpg\" alt=\"Fruchts\u00e4fte\" width=\"150\" height=\"150\" \/><\/a><figcaption id=\"caption-attachment-436\" class=\"wp-caption-text\">Fruchts\u00e4fte<\/figcaption><\/figure>\n<h6><\/h6>\n<ul>\n<li>Sind Sie zu einem Raclette eingeladen? Ein feines Racletteset mit Gew\u00fcrzgurken und s\u00fcss\/saurem Gem\u00fcse kommt garantiert sensationell an.<\/li>\n<li>Kreative Fruchtsaftmischungen sind beliebt bei Gross und Klein.<\/li>\n<li>Zum Dessert: feine Dessertkompott mit Meringues kommen immer gut an.<\/li>\n<li>Zum Brunch Honig und Konfi<\/li>\n<\/ul>\n<\/div>\n<h2>Geschenkskorb quer durchs Beerihof-Sortiment<\/h2>\n<p>Gerne stellen wir f\u00fcr Sie einen Geschenkskorb mit Produkten Ihrer Wahl zusammen. Sie w\u00e4hlen aus, wir machen den Rest.<\/p>\n<h2>Tischdekoration f\u00fcr ein Fest<\/h2>\n<p>Warum nicht mit feinen Konfis dekorieren? Unsere h\u00fcbsch eingepackten Konfis dekorieren jeden Festtisch. Sie k\u00f6nnen die Gl\u00e4sli auch als \u201eTischk\u00e4rtchen\u201c mit den Namen der G\u00e4ste gestalten und so die Tischordnung festlegen.<\/p>\n<h2>Firmengeschenke<\/h2>\n<p>M\u00f6chten Sie Ihre MitarbeiterInnen oder Kunden\/Innen mit einem kulinarischen Korb beschenken? Je nachdem k\u00f6nnen wir auch extra f\u00fcr Sie produzieren. Melden Sie sich rechtzeitig bei uns.<\/p>\n","protected":false},"excerpt":{"rendered":"<p>Geschenke zum Geniessen! Sei es als Mitbringsel, Dankesch\u00f6n f\u00fcr eine Einladung, als Geburtstags- oder Weihnachtsgeschenk: ein Geschenk vom Beerihof mit gluschtig feinen \u00dcberraschungen kommt immer gut an. Mitbringsel Eine feine Konfi, h\u00fcbsch arrangiert ist ein kleines, h\u00fcbsches Mitbringsel. Unsere \u00d6l\/Essig-Arrangements sind in jeder K\u00fcche willkommen. Als Dankesch\u00f6n f\u00fcr die Einladung Sind Sie zu einem Raclette &hellip; <a href=\"https:\/\/beerihof.ch\/wordpress2014\/index.php\/geschenke-vom-beerihof\/\" class=\"more-link\">Continue reading <span class=\"screen-reader-text\">Geschenke vom Beerihof<\/span><\/a><\/p>\n","protected":false},"author":2,"featured_media":393,"parent":0,"menu_order":0,"comment_status":"closed","ping_status":"closed","template":"","meta":{"footnotes":""},"class_list":["post-388","page","type-page","status-publish","has-post-thumbnail","hentry"],"_links":{"self":[{"href":"https:\/\/beerihof.ch\/wordpress2014\/index.php\/wp-json\/wp\/v2\/pages\/388","targetHints":{"allow":["GET"]}}],"collection":[{"href":"https:\/\/beerihof.ch\/wordpress2014\/index.php\/wp-json\/wp\/v2\/pages"}],"about":[{"href":"https:\/\/beerihof.ch\/wordpress2014\/index.php\/wp-json\/wp\/v2\/types\/page"}],"author":[{"embeddable":true,"href":"https:\/\/beerihof.ch\/wordpress2014\/index.php\/wp-json\/wp\/v2\/users\/2"}],"replies":[{"embeddable":true,"href":"https:\/\/beerihof.ch\/wordpress2014\/index.php\/wp-json\/wp\/v2\/comments?post=388"}],"version-history":[{"count":11,"href":"https:\/\/beerihof.ch\/wordpress2014\/index.php\/wp-json\/wp\/v2\/pages\/388\/revisions"}],"predecessor-version":[{"id":440,"href":"https:\/\/beerihof.ch\/wordpress2014\/index.php\/wp-json\/wp\/v2\/pages\/388\/revisions\/440"}],"wp:featuredmedia":[{"embeddable":true,"href":"https:\/\/beerihof.ch\/wordpress2014\/index.php\/wp-json\/wp\/v2\/media\/393"}],"wp:attachment":[{"href":"https:\/\/beerihof.ch\/wordpress2014\/index.php\/wp-json\/wp\/v2\/media?parent=388"}],"curies":[{"name":"wp","href":"https:\/\/api.w.org\/{rel}","templated":true}]}}