{"id":250,"date":"2015-04-20T11:20:38","date_gmt":"2015-04-20T09:20:38","guid":{"rendered":"http:\/\/beerihof.ch\/?page_id=250"},"modified":"2024-08-30T16:27:05","modified_gmt":"2024-08-30T14:27:05","slug":"bestellungen","status":"publish","type":"page","link":"https:\/\/beerihof.ch\/wordpress2014\/index.php\/bestellungen\/","title":{"rendered":"Bestellungen"},"content":{"rendered":"<h1>Ausk\u00fcnfte \u00fcber das Ladenangebot:<\/h1>\n<p>Sie sehen unter &#8222;aktuelles Angebot&#8220; auf unserer Internetseite welche Fr\u00fcchte wir aktuell pfl\u00fccken oder Sie k\u00f6nnen das Angebot auf dem Telefonbeantworter 043 422 06 80 abh\u00f6ren.<br \/>\nWir k\u00f6nnen jedoch nicht garantieren, dass die Beeren und Fr\u00fcchte jederzeit \u00fcber den ganzen Tag verf\u00fcgbar sind. Wir pfl\u00fccken alles ausgereift und k\u00f6nnen es manchmal nicht einsch\u00e4tzen, wann wieviel reif sein wird. Zudem wissen wir auch nicht, wieviel wir verkaufen k\u00f6nnen.<\/p>\n<p>Am Besten kommen Sie in unseren Hofladen und sind offen, f\u00fcr die Fr\u00fcchte, die gerade da sind.<br \/>\nAlso gl\u00fccklich \u00fcber das, was vorhanden ist und nicht ungl\u00fccklich \u00fcber das, was nicht da ist!<\/p>\n<h1>Bestellungen<\/h1>\n<p>Gerne nehmen wir Bestellungen von gr\u00f6sseren Mengen entgegen, damit wir das koordinieren und einplanen k\u00f6nnen.<br \/>\nAb 3 kg Beeren und 5 kg Fr\u00fcchten ist es in der Regel m\u00f6glich. Sie k\u00f6nnen Ihre Bestellung im Hofladen oder per Mail, SMS oder Telefon(beantworter) aufgeben. Bitte geben Sie bei Ihre Bestellung immer Ihre Telefonnummer an, damit wir uns bei Ihnen melden k\u00f6nnen.<br \/>\nIn der Regel k\u00f6nnen die Bestellungen erst am Nachmittag abgeholt werden, ab 14.00 Uhr.<\/p>\n<p><strong>Bestellen Sie die Fr\u00fcchte erst dann, wenn Sie reif sind.<\/strong> (siehe &#8222;aktuelles Angebot&#8220; oder Telefonbeantworter)<\/p>\n<p>Bestellungen und Reservationen von kleiner Mengen und einzelen Schalen k\u00f6nnen wir nicht anbieten.<br \/>\nWir bitten um Ihr Verst\u00e4ndnis.<\/p>\n","protected":false},"excerpt":{"rendered":"<p>Ausk\u00fcnfte \u00fcber das Ladenangebot: Sie sehen unter &#8222;aktuelles Angebot&#8220; auf unserer Internetseite welche Fr\u00fcchte wir aktuell pfl\u00fccken oder Sie k\u00f6nnen das Angebot auf dem Telefonbeantworter 043 422 06 80 abh\u00f6ren. Wir k\u00f6nnen jedoch nicht garantieren, dass die Beeren und Fr\u00fcchte jederzeit \u00fcber den ganzen Tag verf\u00fcgbar sind. Wir pfl\u00fccken alles ausgereift und k\u00f6nnen es manchmal &hellip; <a href=\"https:\/\/beerihof.ch\/wordpress2014\/index.php\/bestellungen\/\" class=\"more-link\">Continue reading <span class=\"screen-reader-text\">Bestellungen<\/span><\/a><\/p>\n","protected":false},"author":1,"featured_media":0,"parent":0,"menu_order":0,"comment_status":"closed","ping_status":"closed","template":"","meta":{"footnotes":""},"class_list":["post-250","page","type-page","status-publish","hentry"],"_links":{"self":[{"href":"https:\/\/beerihof.ch\/wordpress2014\/index.php\/wp-json\/wp\/v2\/pages\/250","targetHints":{"allow":["GET"]}}],"collection":[{"href":"https:\/\/beerihof.ch\/wordpress2014\/index.php\/wp-json\/wp\/v2\/pages"}],"about":[{"href":"https:\/\/beerihof.ch\/wordpress2014\/index.php\/wp-json\/wp\/v2\/types\/page"}],"author":[{"embeddable":true,"href":"https:\/\/beerihof.ch\/wordpress2014\/index.php\/wp-json\/wp\/v2\/users\/1"}],"replies":[{"embeddable":true,"href":"https:\/\/beerihof.ch\/wordpress2014\/index.php\/wp-json\/wp\/v2\/comments?post=250"}],"version-history":[{"count":10,"href":"https:\/\/beerihof.ch\/wordpress2014\/index.php\/wp-json\/wp\/v2\/pages\/250\/revisions"}],"predecessor-version":[{"id":1449,"href":"https:\/\/beerihof.ch\/wordpress2014\/index.php\/wp-json\/wp\/v2\/pages\/250\/revisions\/1449"}],"wp:attachment":[{"href":"https:\/\/beerihof.ch\/wordpress2014\/index.php\/wp-json\/wp\/v2\/media?parent=250"}],"curies":[{"name":"wp","href":"https:\/\/api.w.org\/{rel}","templated":true}]}}