{"id":228,"date":"2015-04-20T11:07:07","date_gmt":"2015-04-20T09:07:07","guid":{"rendered":"http:\/\/beerihof.ch\/?page_id=228"},"modified":"2015-05-21T22:24:36","modified_gmt":"2015-05-21T20:24:36","slug":"die-beerenplueckerinnen","status":"publish","type":"page","link":"https:\/\/beerihof.ch\/wordpress2014\/index.php\/die-beerenplueckerinnen\/","title":{"rendered":"Die Beerenpl\u00fcckerInnen"},"content":{"rendered":"<h1>Betriebsleiterehepaar: Daniela und Harri Meienberg<\/h1>\n<figure id=\"attachment_362\" aria-describedby=\"caption-attachment-362\" style=\"width: 225px\" class=\"wp-caption alignleft\"><a href=\"http:\/\/beerihof.ch\/wordpress2014\/wp-content\/uploads\/2015\/04\/P1010589-e1432239623661.jpg\"><img loading=\"lazy\" decoding=\"async\" class=\"size-medium wp-image-362\" src=\"http:\/\/beerihof.ch\/wordpress2014\/wp-content\/uploads\/2015\/04\/P1010589-e1432239623661-225x300.jpg\" alt=\"Der Chef am Pfl\u00fccken immer mit Radio (SRF3)\" width=\"225\" height=\"300\" srcset=\"https:\/\/beerihof.ch\/wordpress2014\/wp-content\/uploads\/2015\/04\/P1010589-e1432239623661-225x300.jpg 225w, https:\/\/beerihof.ch\/wordpress2014\/wp-content\/uploads\/2015\/04\/P1010589-e1432239623661-768x1024.jpg 768w\" sizes=\"auto, (max-width: 225px) 100vw, 225px\" \/><\/a><figcaption id=\"caption-attachment-362\" class=\"wp-caption-text\">Der Chef am Pfl\u00fccken immer mit Radio (SRF3)<\/figcaption><\/figure>\n<p>Harri pfl\u00fcckt am liebsten die Kirschen. Auf der Leiter auf dem Kirschenbaum hat man einfach den besten \u00dcberblick. Man steht etwas \u00fcber den Dingen und kann die Welt von oben betrachten. Er sit f\u00fcr alle Kulturen zust\u00e4ndig, dass sie gut und gesund gedeihen und uns reiche Ernte schenken.<\/p>\n<p>Daniela ist h\u00e4ufig im Hofladen anzutreffen. Nebst dem Bedienen und den Hofladen im Schuss halten,\u00a0koordiniert sie die Arbeiten\u00a0und die \u00a0Bestellungen.<\/p>\n<h1>Unsere Mitarbeiterinnen<\/h1>\n<p><a href=\"http:\/\/beerihof.ch\/wordpress2014\/wp-content\/uploads\/2015\/04\/P1020491.jpg\"><img loading=\"lazy\" decoding=\"async\" class=\"alignleft size-medium wp-image-364\" src=\"http:\/\/beerihof.ch\/wordpress2014\/wp-content\/uploads\/2015\/04\/P1020491-300x225.jpg\" alt=\"P1020491\" width=\"300\" height=\"225\" srcset=\"https:\/\/beerihof.ch\/wordpress2014\/wp-content\/uploads\/2015\/04\/P1020491-300x225.jpg 300w, https:\/\/beerihof.ch\/wordpress2014\/wp-content\/uploads\/2015\/04\/P1020491-1024x768.jpg 1024w\" sizes=\"auto, (max-width: 300px) 100vw, 300px\" \/><\/a>Jedes Jahr gibt es mehr zu tun auf dem Beerihof und so w\u00e4chst unser Team mit fleissigen H\u00e4nden stetig.<br \/>\nEine Mitarbeiterin arbeitet \u00fcber das ganze Jahr einen Tag pro Woche bei uns und ist in der Produktionsk\u00fcche, sowie in den Beeren t\u00e4tig.<\/p>\n<p>Eine Nachbarin, die wir quasi mit dem Inventar \u00fcbernehmen konnten, pfl\u00fcckt den Sommer durch an den Morgen Beeren.<\/p>\n<p>\u00dcber die Sommermonate arbeitet eine vielseitige Polin bei uns, welche auch bei uns wohnt.<\/p>\n<p><a href=\"http:\/\/beerihof.ch\/wordpress2014\/wp-content\/uploads\/2015\/04\/P1020493.jpg\"><img loading=\"lazy\" decoding=\"async\" class=\"alignleft size-medium wp-image-366\" src=\"http:\/\/beerihof.ch\/wordpress2014\/wp-content\/uploads\/2015\/04\/P1020493-300x225.jpg\" alt=\"P1020493\" width=\"300\" height=\"225\" srcset=\"https:\/\/beerihof.ch\/wordpress2014\/wp-content\/uploads\/2015\/04\/P1020493-300x225.jpg 300w, https:\/\/beerihof.ch\/wordpress2014\/wp-content\/uploads\/2015\/04\/P1020493-1024x768.jpg 1024w\" sizes=\"auto, (max-width: 300px) 100vw, 300px\" \/><\/a>Von Mai bis September helfen uns verschiedenen Aushilfen einen Halbtag oder Tag pro Woche aus.<br \/>\nIn den Sommerferien findet immer eine Sch\u00fclerin bei uns Arbeit, um sich Sackgeld zu verdienen.<br \/>\nAn einem Tag in der Woche \u00fcbernimmt Rahels Omi ihre Betreuung.<\/p>\n","protected":false},"excerpt":{"rendered":"<p>Betriebsleiterehepaar: Daniela und Harri Meienberg Harri pfl\u00fcckt am liebsten die Kirschen. Auf der Leiter auf dem Kirschenbaum hat man einfach den besten \u00dcberblick. Man steht etwas \u00fcber den Dingen und kann die Welt von oben betrachten. Er sit f\u00fcr alle Kulturen zust\u00e4ndig, dass sie gut und gesund gedeihen und uns reiche Ernte schenken. Daniela ist &hellip; <a href=\"https:\/\/beerihof.ch\/wordpress2014\/index.php\/die-beerenplueckerinnen\/\" class=\"more-link\">Continue reading <span class=\"screen-reader-text\">Die Beerenpl\u00fcckerInnen<\/span><\/a><\/p>\n","protected":false},"author":1,"featured_media":0,"parent":0,"menu_order":0,"comment_status":"closed","ping_status":"closed","template":"","meta":{"footnotes":""},"class_list":["post-228","page","type-page","status-publish","hentry"],"_links":{"self":[{"href":"https:\/\/beerihof.ch\/wordpress2014\/index.php\/wp-json\/wp\/v2\/pages\/228","targetHints":{"allow":["GET"]}}],"collection":[{"href":"https:\/\/beerihof.ch\/wordpress2014\/index.php\/wp-json\/wp\/v2\/pages"}],"about":[{"href":"https:\/\/beerihof.ch\/wordpress2014\/index.php\/wp-json\/wp\/v2\/types\/page"}],"author":[{"embeddable":true,"href":"https:\/\/beerihof.ch\/wordpress2014\/index.php\/wp-json\/wp\/v2\/users\/1"}],"replies":[{"embeddable":true,"href":"https:\/\/beerihof.ch\/wordpress2014\/index.php\/wp-json\/wp\/v2\/comments?post=228"}],"version-history":[{"count":6,"href":"https:\/\/beerihof.ch\/wordpress2014\/index.php\/wp-json\/wp\/v2\/pages\/228\/revisions"}],"predecessor-version":[{"id":367,"href":"https:\/\/beerihof.ch\/wordpress2014\/index.php\/wp-json\/wp\/v2\/pages\/228\/revisions\/367"}],"wp:attachment":[{"href":"https:\/\/beerihof.ch\/wordpress2014\/index.php\/wp-json\/wp\/v2\/media?parent=228"}],"curies":[{"name":"wp","href":"https:\/\/api.w.org\/{rel}","templated":true}]}}