{"id":214,"date":"2015-04-20T10:55:53","date_gmt":"2015-04-20T08:55:53","guid":{"rendered":"http:\/\/beerihof.ch\/?page_id=214"},"modified":"2015-05-21T21:59:07","modified_gmt":"2015-05-21T19:59:07","slug":"rahel-meienberg","status":"publish","type":"page","link":"https:\/\/beerihof.ch\/wordpress2014\/index.php\/rahel-meienberg\/","title":{"rendered":"Rahel Meienberg"},"content":{"rendered":"<p><a href=\"http:\/\/beerihof.ch\/wordpress2014\/wp-content\/uploads\/2015\/04\/P1000809.jpg\"><img loading=\"lazy\" decoding=\"async\" class=\"alignleft size-medium wp-image-350\" src=\"http:\/\/beerihof.ch\/wordpress2014\/wp-content\/uploads\/2015\/04\/P1000809-300x225.jpg\" alt=\"P1000809\" width=\"300\" height=\"225\" srcset=\"https:\/\/beerihof.ch\/wordpress2014\/wp-content\/uploads\/2015\/04\/P1000809-300x225.jpg 300w, https:\/\/beerihof.ch\/wordpress2014\/wp-content\/uploads\/2015\/04\/P1000809-1024x768.jpg 1024w\" sizes=\"auto, (max-width: 300px) 100vw, 300px\" \/><\/a>Unser \u201ePuremeitli\u201c geniesst das Aufwachsen auf unserem Beerihof. Sie hat sich bereits durch das ganze Beeren- und Fr\u00fcchtesortiment gegessen. \u00c4ndert aber ihre Vorz\u00fcge immer wieder.<\/p>\n<p>Mit den Tieren des Hofes versteht sie sich sehr gut und sie ist bereits bestens mit den Ziegen und Gitzi vertraut. Sie konnte sogar eine Ziegengeburt miterleben! Mit unseren mittlerweilen drei Katzen ist sie sehr lieb. Doch manchmal hat Rahel lustige Ideen, was die Katzen alles machen solten und kassiert dann als Antwort einen &#8222;Krebel&#8220;.<\/p>\n","protected":false},"excerpt":{"rendered":"<p>Unser \u201ePuremeitli\u201c geniesst das Aufwachsen auf unserem Beerihof. Sie hat sich bereits durch das ganze Beeren- und Fr\u00fcchtesortiment gegessen. \u00c4ndert aber ihre Vorz\u00fcge immer wieder. Mit den Tieren des Hofes versteht sie sich sehr gut und sie ist bereits bestens mit den Ziegen und Gitzi vertraut. Sie konnte sogar eine Ziegengeburt miterleben! Mit unseren mittlerweilen &hellip; <a href=\"https:\/\/beerihof.ch\/wordpress2014\/index.php\/rahel-meienberg\/\" class=\"more-link\">Continue reading <span class=\"screen-reader-text\">Rahel Meienberg<\/span><\/a><\/p>\n","protected":false},"author":1,"featured_media":0,"parent":0,"menu_order":0,"comment_status":"closed","ping_status":"closed","template":"","meta":{"footnotes":""},"class_list":["post-214","page","type-page","status-publish","hentry"],"_links":{"self":[{"href":"https:\/\/beerihof.ch\/wordpress2014\/index.php\/wp-json\/wp\/v2\/pages\/214","targetHints":{"allow":["GET"]}}],"collection":[{"href":"https:\/\/beerihof.ch\/wordpress2014\/index.php\/wp-json\/wp\/v2\/pages"}],"about":[{"href":"https:\/\/beerihof.ch\/wordpress2014\/index.php\/wp-json\/wp\/v2\/types\/page"}],"author":[{"embeddable":true,"href":"https:\/\/beerihof.ch\/wordpress2014\/index.php\/wp-json\/wp\/v2\/users\/1"}],"replies":[{"embeddable":true,"href":"https:\/\/beerihof.ch\/wordpress2014\/index.php\/wp-json\/wp\/v2\/comments?post=214"}],"version-history":[{"count":3,"href":"https:\/\/beerihof.ch\/wordpress2014\/index.php\/wp-json\/wp\/v2\/pages\/214\/revisions"}],"predecessor-version":[{"id":352,"href":"https:\/\/beerihof.ch\/wordpress2014\/index.php\/wp-json\/wp\/v2\/pages\/214\/revisions\/352"}],"wp:attachment":[{"href":"https:\/\/beerihof.ch\/wordpress2014\/index.php\/wp-json\/wp\/v2\/media?parent=214"}],"curies":[{"name":"wp","href":"https:\/\/api.w.org\/{rel}","templated":true}]}}