{"id":212,"date":"2015-04-20T10:55:31","date_gmt":"2015-04-20T08:55:31","guid":{"rendered":"http:\/\/beerihof.ch\/?page_id=212"},"modified":"2015-05-21T22:01:02","modified_gmt":"2015-05-21T20:01:02","slug":"harri-meienberg","status":"publish","type":"page","link":"https:\/\/beerihof.ch\/wordpress2014\/index.php\/harri-meienberg\/","title":{"rendered":"Harri Meienberg"},"content":{"rendered":"<p>Als viertes und j\u00fcngstes Kind einer Bauernfamilie ist Harri auf dem Hof Neuhaus in Menzingen aufgewachsen. Die Landwirtschaft war sein Alltag und seine Erf\u00fcllung. Schon als kleiner Junge konnte er geschickt mit der Sense umgehen und f\u00fcr seine eigenen Kaninchen sorgen.<\/p>\n<p>Da sich bereits zwei seiner Br\u00fcder f\u00fcr den Beruf Landwirt entschieden hatten, stellte er seine berufliche Weiche (vorerst) in eine andere Richtung. \u00dcber den Rohstoff Holz zog es ihn in die Schreinerei. Mehr als 10 Jahre arbeitete er auf seinem Beruf in verschiedenen Schreinereien und war vom M\u00f6belschreiner, zum Bauschreiner bis zum K\u00fcchenbauer und Parkett- und Bodenfachmann t\u00e4tig.<\/p>\n<p>Doch jeden Fr\u00fchling und jedes Jahr mehr, juckte es ihm in den Fingern und im ganzen K\u00f6rper. Wenn jeweils die Landwirte mit dem neuen \u201eBauernjahr\u201c starteten war es f\u00fcr ihn eine Qual drinnen zu sein.<\/p>\n<p>Und so entschied er, im Winter 2002 die Zweitausbildung zum Landwirt in Angriff zu nehmen. Er absolvierte die Theorie im Winterkurs am Strickhof W\u00fclflingen und teilte das praktische Lehrjahr auf zwei Betriebe auf.<\/p>\n<p>Den Sommer 2003 arbeitete er auf einem Obst-und Beerenbetrieb in Baar und im darauf folgenden Sommer auf einem Ziegen und Rindviehbetrieb in Menzingen.<\/p>\n","protected":false},"excerpt":{"rendered":"<p>Als viertes und j\u00fcngstes Kind einer Bauernfamilie ist Harri auf dem Hof Neuhaus in Menzingen aufgewachsen. Die Landwirtschaft war sein Alltag und seine Erf\u00fcllung. Schon als kleiner Junge konnte er geschickt mit der Sense umgehen und f\u00fcr seine eigenen Kaninchen sorgen. Da sich bereits zwei seiner Br\u00fcder f\u00fcr den Beruf Landwirt entschieden hatten, stellte er &hellip; <a href=\"https:\/\/beerihof.ch\/wordpress2014\/index.php\/harri-meienberg\/\" class=\"more-link\">Continue reading <span class=\"screen-reader-text\">Harri Meienberg<\/span><\/a><\/p>\n","protected":false},"author":1,"featured_media":353,"parent":0,"menu_order":0,"comment_status":"closed","ping_status":"closed","template":"","meta":{"footnotes":""},"class_list":["post-212","page","type-page","status-publish","has-post-thumbnail","hentry"],"_links":{"self":[{"href":"https:\/\/beerihof.ch\/wordpress2014\/index.php\/wp-json\/wp\/v2\/pages\/212","targetHints":{"allow":["GET"]}}],"collection":[{"href":"https:\/\/beerihof.ch\/wordpress2014\/index.php\/wp-json\/wp\/v2\/pages"}],"about":[{"href":"https:\/\/beerihof.ch\/wordpress2014\/index.php\/wp-json\/wp\/v2\/types\/page"}],"author":[{"embeddable":true,"href":"https:\/\/beerihof.ch\/wordpress2014\/index.php\/wp-json\/wp\/v2\/users\/1"}],"replies":[{"embeddable":true,"href":"https:\/\/beerihof.ch\/wordpress2014\/index.php\/wp-json\/wp\/v2\/comments?post=212"}],"version-history":[{"count":1,"href":"https:\/\/beerihof.ch\/wordpress2014\/index.php\/wp-json\/wp\/v2\/pages\/212\/revisions"}],"predecessor-version":[{"id":213,"href":"https:\/\/beerihof.ch\/wordpress2014\/index.php\/wp-json\/wp\/v2\/pages\/212\/revisions\/213"}],"wp:featuredmedia":[{"embeddable":true,"href":"https:\/\/beerihof.ch\/wordpress2014\/index.php\/wp-json\/wp\/v2\/media\/353"}],"wp:attachment":[{"href":"https:\/\/beerihof.ch\/wordpress2014\/index.php\/wp-json\/wp\/v2\/media?parent=212"}],"curies":[{"name":"wp","href":"https:\/\/api.w.org\/{rel}","templated":true}]}}