{"id":210,"date":"2015-04-20T10:55:14","date_gmt":"2015-04-20T08:55:14","guid":{"rendered":"http:\/\/beerihof.ch\/?page_id=210"},"modified":"2015-05-21T22:03:33","modified_gmt":"2015-05-21T20:03:33","slug":"daniela-meienberg","status":"publish","type":"page","link":"https:\/\/beerihof.ch\/wordpress2014\/index.php\/daniela-meienberg\/","title":{"rendered":"Daniela Meienberg"},"content":{"rendered":"<p>Wohl auf dem Lande, in Bennau, jedoch nicht in der Landwirtschaft, ist Daniela als \u00c4lteste von vier Kindern aufgewachsen. Gegen\u00fcber ihrem Daheim stand \u201eR\u00f6bels Gade\u201c (der Kuhstall von Robert K\u00e4lin). Dort sass Daniela jeweils mit weiteren Kindern auf einer Holztruhe, den Becher mit Schoggipulver in der Hand. Unter dem Melken f\u00fcllte ihnen R\u00f6bel dieser mit kuhwarmer Milch, direkt vom Kuheuter.<\/p>\n<p>Zum Heuen-helfen wollte Daniela unbedingt einen Strohhut, wie ihn die B\u00e4uerin trug.<\/p>\n<p>Mit der Beziehung zu Harri war der Kontakt zur Landwirtschaft wieder gekn\u00fcpft. Sie war begeistert von den M\u00f6glichkeiten und dem Wissen der B\u00e4uerinnen und so entschied sie sich, die T\u00e4tigkeit im Kindergarten zu unterbrechen und sich an der B\u00e4uerinnenschule Kloster Fahr weiter zu bilden.<\/p>\n<p>Mit dem ersten Haushalt richten wir einen grossen Gem\u00fcsegarten ein und hielten einige Kleintiere. Dort konnte Daniela ihr Wissen aus der B\u00e4uerinnenschule vertiefen. Ein neues Hobby entstand: Das Einmachen auf verschiedenste Arten. Sie probierte auch herk\u00f6mmliche Arten wie das Eins\u00e4uern und sterilisieren aus. All diese \u201eExperimente\u201c und Erfahrungen kann sie nun auf dem Beerihof einsetzen weiter ausbauen.<\/p>\n","protected":false},"excerpt":{"rendered":"<p>Wohl auf dem Lande, in Bennau, jedoch nicht in der Landwirtschaft, ist Daniela als \u00c4lteste von vier Kindern aufgewachsen. Gegen\u00fcber ihrem Daheim stand \u201eR\u00f6bels Gade\u201c (der Kuhstall von Robert K\u00e4lin). Dort sass Daniela jeweils mit weiteren Kindern auf einer Holztruhe, den Becher mit Schoggipulver in der Hand. Unter dem Melken f\u00fcllte ihnen R\u00f6bel dieser mit &hellip; <a href=\"https:\/\/beerihof.ch\/wordpress2014\/index.php\/daniela-meienberg\/\" class=\"more-link\">Continue reading <span class=\"screen-reader-text\">Daniela Meienberg<\/span><\/a><\/p>\n","protected":false},"author":1,"featured_media":354,"parent":0,"menu_order":0,"comment_status":"closed","ping_status":"closed","template":"","meta":{"footnotes":""},"class_list":["post-210","page","type-page","status-publish","has-post-thumbnail","hentry"],"_links":{"self":[{"href":"https:\/\/beerihof.ch\/wordpress2014\/index.php\/wp-json\/wp\/v2\/pages\/210","targetHints":{"allow":["GET"]}}],"collection":[{"href":"https:\/\/beerihof.ch\/wordpress2014\/index.php\/wp-json\/wp\/v2\/pages"}],"about":[{"href":"https:\/\/beerihof.ch\/wordpress2014\/index.php\/wp-json\/wp\/v2\/types\/page"}],"author":[{"embeddable":true,"href":"https:\/\/beerihof.ch\/wordpress2014\/index.php\/wp-json\/wp\/v2\/users\/1"}],"replies":[{"embeddable":true,"href":"https:\/\/beerihof.ch\/wordpress2014\/index.php\/wp-json\/wp\/v2\/comments?post=210"}],"version-history":[{"count":1,"href":"https:\/\/beerihof.ch\/wordpress2014\/index.php\/wp-json\/wp\/v2\/pages\/210\/revisions"}],"predecessor-version":[{"id":211,"href":"https:\/\/beerihof.ch\/wordpress2014\/index.php\/wp-json\/wp\/v2\/pages\/210\/revisions\/211"}],"wp:featuredmedia":[{"embeddable":true,"href":"https:\/\/beerihof.ch\/wordpress2014\/index.php\/wp-json\/wp\/v2\/media\/354"}],"wp:attachment":[{"href":"https:\/\/beerihof.ch\/wordpress2014\/index.php\/wp-json\/wp\/v2\/media?parent=210"}],"curies":[{"name":"wp","href":"https:\/\/api.w.org\/{rel}","templated":true}]}}