{"id":15,"date":"2014-03-07T16:09:48","date_gmt":"2014-03-07T14:09:48","guid":{"rendered":"http:\/\/beerihof.ch\/?page_id=15"},"modified":"2015-05-21T22:27:26","modified_gmt":"2015-05-21T20:27:26","slug":"ueber-uns-der-beerihof","status":"publish","type":"page","link":"https:\/\/beerihof.ch\/wordpress2014\/index.php\/ueber-uns-der-beerihof\/","title":{"rendered":"\u00dcber uns \/ Der Beerihof"},"content":{"rendered":"<h1>Das Neue ist niemals ganz neu. Es geht immer ein Traum voraus.<\/h1>\n<p><a href=\"http:\/\/beerihof.ch\/wordpress2014\/wp-content\/uploads\/2014\/03\/harriela_gitzi.jpg\"><img loading=\"lazy\" decoding=\"async\" class=\"alignleft size-full wp-image-10\" src=\"http:\/\/beerihof.ch\/wordpress2014\/wp-content\/uploads\/2014\/03\/harriela_gitzi.jpg\" alt=\"Meienbergs mit Geiss\" width=\"200\" height=\"133\" \/><\/a>Den Traum in die Landwirtschaft einzusteigen ging f\u00fcr uns mit der \u00dcbernahme des Beerihofes im Fr\u00fchling 2006 in Erf\u00fcllung. So kam es, dass wir \u2013 zwei Innerschweizer \u2013 ins uns unbekannte Z\u00fcrcher Unterland zogen.<\/p>\n<h1>Der Alpsommer 2005. Die erste gemeinsame landwirtschaftliche T\u00e4tigkeit<\/h1>\n<div id=\"inhalt_text\">\n<div class=\"inhaltsblock\">\n<div class=\"seite_text\">\n<p>Mit Sack und Pack, unseren Ziegen, Schafe und H\u00fchnern zogen wir im Juni 2005 auf die Fellialp im Kanton Uri. Wir betreuten dort 28 K\u00fche, 40 Rinder und ein Schwein. Harri war der Melker und Hirte und Daniela die Sennerin. Neben 2,5 Tonnen Urner Alpk\u00e4se stellten wir Ziegenk\u00e4se, Preiselbeer \u2013 und Heubeerkoni und Lik\u00f6r her. Sammelten Steinpilze und Alpenteekr\u00e4uter. Reich beschenkt mit Erfahrungen und Alpspezialt\u00e4ten kehrten wir im Herbst in die ZuVIELisation zur\u00fcck.<\/p>\n<\/div>\n<\/div>\n<\/div>\n<div id=\"navi\"><\/div>\n","protected":false},"excerpt":{"rendered":"<p>Das Neue ist niemals ganz neu. Es geht immer ein Traum voraus. Den Traum in die Landwirtschaft einzusteigen ging f\u00fcr uns mit der \u00dcbernahme des Beerihofes im Fr\u00fchling 2006 in Erf\u00fcllung. So kam es, dass wir \u2013 zwei Innerschweizer \u2013 ins uns unbekannte Z\u00fcrcher Unterland zogen. Der Alpsommer 2005. Die erste gemeinsame landwirtschaftliche T\u00e4tigkeit Mit &hellip; <a href=\"https:\/\/beerihof.ch\/wordpress2014\/index.php\/ueber-uns-der-beerihof\/\" class=\"more-link\">Continue reading <span class=\"screen-reader-text\">\u00dcber uns \/ Der Beerihof<\/span><\/a><\/p>\n","protected":false},"author":1,"featured_media":368,"parent":0,"menu_order":0,"comment_status":"closed","ping_status":"closed","template":"","meta":{"footnotes":""},"class_list":["post-15","page","type-page","status-publish","has-post-thumbnail","hentry"],"_links":{"self":[{"href":"https:\/\/beerihof.ch\/wordpress2014\/index.php\/wp-json\/wp\/v2\/pages\/15","targetHints":{"allow":["GET"]}}],"collection":[{"href":"https:\/\/beerihof.ch\/wordpress2014\/index.php\/wp-json\/wp\/v2\/pages"}],"about":[{"href":"https:\/\/beerihof.ch\/wordpress2014\/index.php\/wp-json\/wp\/v2\/types\/page"}],"author":[{"embeddable":true,"href":"https:\/\/beerihof.ch\/wordpress2014\/index.php\/wp-json\/wp\/v2\/users\/1"}],"replies":[{"embeddable":true,"href":"https:\/\/beerihof.ch\/wordpress2014\/index.php\/wp-json\/wp\/v2\/comments?post=15"}],"version-history":[{"count":4,"href":"https:\/\/beerihof.ch\/wordpress2014\/index.php\/wp-json\/wp\/v2\/pages\/15\/revisions"}],"predecessor-version":[{"id":369,"href":"https:\/\/beerihof.ch\/wordpress2014\/index.php\/wp-json\/wp\/v2\/pages\/15\/revisions\/369"}],"wp:featuredmedia":[{"embeddable":true,"href":"https:\/\/beerihof.ch\/wordpress2014\/index.php\/wp-json\/wp\/v2\/media\/368"}],"wp:attachment":[{"href":"https:\/\/beerihof.ch\/wordpress2014\/index.php\/wp-json\/wp\/v2\/media?parent=15"}],"curies":[{"name":"wp","href":"https:\/\/api.w.org\/{rel}","templated":true}]}}