{"id":1359,"date":"2024-06-01T10:38:46","date_gmt":"2024-06-01T08:38:46","guid":{"rendered":"https:\/\/beerihof.ch\/wordpress2014\/?page_id=1359"},"modified":"2024-06-01T11:08:31","modified_gmt":"2024-06-01T09:08:31","slug":"datenschutzerklaerung","status":"publish","type":"page","link":"https:\/\/beerihof.ch\/wordpress2014\/index.php\/datenschutzerklaerung\/","title":{"rendered":"Datenschutzerkl\u00e4rung"},"content":{"rendered":"\n<p>Der Zweck dieser Datenschutzerkl\u00e4rung besteht darin, Sie \u00fcber die Bearbeitung Ihrer personenbezogenen Daten zu informieren, die wir bei einem Seitenbesuch von Ihnen sammeln. Unsere Datenschutzpraxis steht im Einklang mit den gesetzlichen Regelungen des Bundesgesetzes \u00fcber den Datenschutz (DSG) der Schweiz und der Datenschutzgrundverordnung der EU (DSGVO). Die nachfolgende Datenschutzerkl\u00e4rung dient der Erf\u00fcllung der Informationspflichten aus dem DSG und der DSGVO. Diese finden sich z.B. in Art. 19 ff. DSG sowie Art. 13 ff. der DSGVO.<\/p>\n\n\n\n<p>Verantwortlicher im Sinne von Art. 5 Bst. j DSG bzw. Art. 4 Nr. 7 DSGVO ist derjenige, der allein oder gemeinsam mit anderen \u00fcber die Zwecke und Mittel der Bearbeitung von personenbezogenen Daten entscheidet. Beim Verantwortlichen nach Art. 4 Nr. 7 DSGVO handelt es sich auch um den Empf\u00e4nger der personenbezogenen Daten im Sinne von Art. 4 Nr. 9 DSGVO. Ein allf\u00e4lliger Drittempf\u00e4nger wird separat ausgewiesen.<\/p>\n\n\n\n<p>Im Hinblick auf unsere Internetseite ist der Inhaber bzw. Verantwortliche bzw. Kontaktperson:<br>Daniela und Harri Meienberg<br>Riedterstrasse 22<br>8162 Steinmaur<\/p>\n\n\n\n<h2 class=\"wp-block-heading\">Bereitstellung der Website und Erstellung von Logfiles<\/h2>\n\n\n\n<p>Bei jedem Aufruf unserer Internetseite erfasst unser System automatisiert Daten und Informationen des jeweils abrufenden Ger\u00e4tes (z.B. Computer, Mobiltelefon, Tablet, etc.).<br>Welche personenbezogenen Daten werden erhoben und in welchem Umfang werden diese bearbeitet?<\/p>\n\n\n\n<p>(1) Informationen \u00fcber den Browsertyp und die verwendete Version (sofern von Ihnen angeliefert);<br>(2) Das Betriebssystem des Abrufger\u00e4tes (sofern von Ihnen angeliefert);<br>(3) Hostname des zugreifenden Rechners (sofern von Ihnen angeliefert);<br>(4) Die IP-Adresse des Abrufger\u00e4tes;<br>(5) Datum und Uhrzeit des Zugriffs;<br>(6) Websites und Ressourcen (Bilder, Dateien, weitere Seiteninhalte), die auf unserer Internetseite aufgerufen wurden;<br>(7) Websites, von denen das System des Nutzers auf unsere Internetseite gelangte (Referrer-Tracking, sofern von Ihnen angeliefert);<br>(8) Meldung, ob der Abruf erfolgreich war;<br>(9) \u00dcbertragene Datenmenge<\/p>\n\n\n\n<p>Diese Daten werden in den Logfiles von Webland gespeichert. Eine Speicherung dieser Daten zusammen mit personenbezogenen Daten eines konkreten Nutzers findet nicht statt, so dass eine Identifizierung einzelner Seitenbesucher nicht erfolgt.<\/p>\n\n\n\n<h2 class=\"wp-block-heading\">Rechtsgrundlage f\u00fcr die Bearbeitung personenbezogener Daten<\/h2>\n\n\n\n<p>Die Bearbeitung personenbezogener Daten erfolgt nach dem Prinzip der Rechtm\u00e4ssigkeit (Art. 6 Abs. 1 DSG) und nach dem Gebot von Treu und Glauben (Art. 6 Abs. 2 DSG bzw. Art. 2 ZGB) sowie Art. 6 Abs. 1 lit. f DSGVO (berechtigtes Interesse).<br>Zweck der Datenbearbeitung<\/p>\n\n\n\n<p>Die vor\u00fcbergehende (automatisierte) Speicherung der Daten ist f\u00fcr den Ablauf eines Websitebesuchs erforderlich, um eine Auslieferung der Website zu erm\u00f6glichen. Die Speicherung und Bearbeitung der personenbezogenen Daten erfolgt zudem zur Erhaltung der Kompatibilit\u00e4t unserer Internetseite f\u00fcr m\u00f6glichst alle Besucher und zur Missbrauchsbek\u00e4mpfung und St\u00f6rungsbeseitigung. Hierf\u00fcr ist es notwendig, die technischen Daten des abrufenden Rechners zu loggen, um so fr\u00fchestm\u00f6glich auf Darstellungsfehler, Angriffe auf unsere IT-Systeme und\/oder Fehler der Funktionalit\u00e4t unserer Internetseite reagieren zu k\u00f6nnen. Zudem dienen uns die Daten zur Optimierung der Website und zur generellen Sicherstellung der Sicherheit unserer informationstechnischen Systeme.<br>Dauer der Speicherung<\/p>\n\n\n\n<p>Die L\u00f6schung der vorgenannten technischen Daten erfolgt, sobald sie nicht mehr ben\u00f6tigt werden, um die Kompatibilit\u00e4t der Internetseite f\u00fcr alle Besucher zu gew\u00e4hrleisten, sp\u00e4testens aber 3 Monate nach Abruf unserer Internetseite.<\/p>\n\n\n\n<h2 class=\"wp-block-heading\" id=\"jsectiondatensicherheitunddatenschutzkommunikationperemail\">Datensicherheit und Datenschutz, Kommunikation per E-Mail<\/h2>\n\n\n\n<p>Ihre personenbezogenen Daten werden durch technische und organisatorische Massnahmen so bei der Erhebung, Speicherung und Bearbeitung gesch\u00fctzt, dass sie f\u00fcr Dritte nicht zug\u00e4nglich sind. Bei einer unverschl\u00fcsselten Kommunikation per E-Mail kann die vollst\u00e4ndige Datensicherheit auf dem \u00dcbertragungsweg zu unseren IT-Systemen von uns nicht gew\u00e4hrleistet werden, sodass wir bei Informationen mit hohem Geheimhaltungsbed\u00fcrfnis eine verschl\u00fcsselte Kommunikation oder den Postweg empfehlen.<\/p>\n\n\n\n<h3 class=\"wp-block-heading\">Dienste von Dritten<\/h3>\n\n\n\n<p>Diese Website verwendet Google Maps f\u00fcr das Einbetten von Karten und Google Fonts f\u00fcr das Darstellen unserer Lieblingsschriftart.<\/p>\n\n\n\n<p>Diese Dienste der amerikanischen Google LLC verwenden unter anderem Cookies und infolgedessen werden Daten an Google in den USA \u00fcbertragen.<\/p>\n\n\n\n<p>Google hat sich verpflichtet, einen angemessenen Datenschutz gem\u00e4ss dem amerikanisch-europ\u00e4ischen und dem amerikanisch-schweizerischen Privacy Shield zu gew\u00e4hrleisten.<\/p>\n\n\n\n<p>Weitere Informationen finden sich in der&nbsp;<a href=\"https:\/\/policies.google.com\/privacy?hl=de\" target=\"_blank\" rel=\"noreferrer noopener\">Datenschutzerkl\u00e4rung von Google<\/a>.<\/p>\n\n\n\n<h2 class=\"wp-block-heading\">Newsletter<\/h2>\n\n\n\n<p>F\u00fcr unseren Newsletter fragen wir Sie um Ihre Mailadresse oder Ihre Postanschrift an. Falls Sie keine Informationen von uns mehr erhalten wollen, kontaktieren Sie uns bitte unter oben genannter Adresse. Wir werden Ihre Daten umgehend l\u00f6schen.<\/p>\n","protected":false},"excerpt":{"rendered":"<p>Der Zweck dieser Datenschutzerkl\u00e4rung besteht darin, Sie \u00fcber die Bearbeitung Ihrer personenbezogenen Daten zu informieren, die wir bei einem Seitenbesuch von Ihnen sammeln. Unsere Datenschutzpraxis steht im Einklang mit den gesetzlichen Regelungen des Bundesgesetzes \u00fcber den Datenschutz (DSG) der Schweiz und der Datenschutzgrundverordnung der EU (DSGVO). Die nachfolgende Datenschutzerkl\u00e4rung dient der Erf\u00fcllung der Informationspflichten aus &hellip; <a href=\"https:\/\/beerihof.ch\/wordpress2014\/index.php\/datenschutzerklaerung\/\" class=\"more-link\">Continue reading <span class=\"screen-reader-text\">Datenschutzerkl\u00e4rung<\/span><\/a><\/p>\n","protected":false},"author":1,"featured_media":0,"parent":0,"menu_order":0,"comment_status":"closed","ping_status":"closed","template":"","meta":{"footnotes":""},"class_list":["post-1359","page","type-page","status-publish","hentry"],"_links":{"self":[{"href":"https:\/\/beerihof.ch\/wordpress2014\/index.php\/wp-json\/wp\/v2\/pages\/1359","targetHints":{"allow":["GET"]}}],"collection":[{"href":"https:\/\/beerihof.ch\/wordpress2014\/index.php\/wp-json\/wp\/v2\/pages"}],"about":[{"href":"https:\/\/beerihof.ch\/wordpress2014\/index.php\/wp-json\/wp\/v2\/types\/page"}],"author":[{"embeddable":true,"href":"https:\/\/beerihof.ch\/wordpress2014\/index.php\/wp-json\/wp\/v2\/users\/1"}],"replies":[{"embeddable":true,"href":"https:\/\/beerihof.ch\/wordpress2014\/index.php\/wp-json\/wp\/v2\/comments?post=1359"}],"version-history":[{"count":4,"href":"https:\/\/beerihof.ch\/wordpress2014\/index.php\/wp-json\/wp\/v2\/pages\/1359\/revisions"}],"predecessor-version":[{"id":1363,"href":"https:\/\/beerihof.ch\/wordpress2014\/index.php\/wp-json\/wp\/v2\/pages\/1359\/revisions\/1363"}],"wp:attachment":[{"href":"https:\/\/beerihof.ch\/wordpress2014\/index.php\/wp-json\/wp\/v2\/media?parent=1359"}],"curies":[{"name":"wp","href":"https:\/\/api.w.org\/{rel}","templated":true}]}}