{"id":121,"date":"2015-04-20T10:15:16","date_gmt":"2015-04-20T08:15:16","guid":{"rendered":"http:\/\/beerihof.ch\/?page_id=121"},"modified":"2016-03-13T19:31:14","modified_gmt":"2016-03-13T18:31:14","slug":"feines-aus-der-bauernkueche","status":"publish","type":"page","link":"https:\/\/beerihof.ch\/wordpress2014\/index.php\/feines-aus-der-bauernkueche\/","title":{"rendered":"Feines aus der Bauernk\u00fcche"},"content":{"rendered":"<h1>Sirup &#8211; Nicht nur etwas f\u00fcr Kinder<\/h1>\n<figure id=\"attachment_338\" aria-describedby=\"caption-attachment-338\" style=\"width: 300px\" class=\"wp-caption alignleft\"><a href=\"http:\/\/beerihof.ch\/wordpress2014\/wp-content\/uploads\/2015\/04\/P1020953.jpg\" target=\"_blank\"><img loading=\"lazy\" decoding=\"async\" class=\"wp-image-338 size-medium\" src=\"http:\/\/beerihof.ch\/wordpress2014\/wp-content\/uploads\/2015\/04\/P1020953-300x225.jpg\" alt=\"ein Ausschnitt aus dem grossen Sirupsortiment\" width=\"300\" height=\"225\" srcset=\"https:\/\/beerihof.ch\/wordpress2014\/wp-content\/uploads\/2015\/04\/P1020953-300x225.jpg 300w, https:\/\/beerihof.ch\/wordpress2014\/wp-content\/uploads\/2015\/04\/P1020953-1024x768.jpg 1024w\" sizes=\"auto, (max-width: 300px) 100vw, 300px\" \/><\/a><figcaption id=\"caption-attachment-338\" class=\"wp-caption-text\">ein Ausschnitt aus dem grossen Sirupsortiment<\/figcaption><\/figure>\n<p>Bei uns werden neben den Beeren auch Fr\u00fcchte entsaftet und mit dem gewonnnen Saft ein naturreines Getr\u00e4nk hergestellt.<\/p>\n<p>Die Auswahl aus dem vielf\u00e4ltigen Sirupangebot f\u00e4llt Ihnen sicher nicht so leicht: Bei uns im Gestell stehen neben dem klassischen Himbeersirup auch Zwetschgensirup oder Brombeer-Zitronengrassirup.<\/p>\n<p>Die Sirupe k\u00f6nnen 1:10 verd\u00fcnnt mit Mineral &#8211; oder Hahnenwasser aber auch als Drink mit Apfelsaft und Mineralwasser oder einem Schuss Beeren-Edelbrand genossen werden.<\/p>\n<h1>Konfit\u00fcre<\/h1>\n<figure id=\"attachment_342\" aria-describedby=\"caption-attachment-342\" style=\"width: 300px\" class=\"wp-caption alignleft\"><a href=\"http:\/\/beerihof.ch\/wordpress2014\/wp-content\/uploads\/2015\/04\/P1000933.jpg\"><img loading=\"lazy\" decoding=\"async\" class=\"size-medium wp-image-342\" src=\"http:\/\/beerihof.ch\/wordpress2014\/wp-content\/uploads\/2015\/04\/P1000933-300x225.jpg\" alt=\"Erdbeerkonfi am Entstehen\" width=\"300\" height=\"225\" srcset=\"https:\/\/beerihof.ch\/wordpress2014\/wp-content\/uploads\/2015\/04\/P1000933-300x225.jpg 300w, https:\/\/beerihof.ch\/wordpress2014\/wp-content\/uploads\/2015\/04\/P1000933-1024x768.jpg 1024w\" sizes=\"auto, (max-width: 300px) 100vw, 300px\" \/><\/a><figcaption id=\"caption-attachment-342\" class=\"wp-caption-text\">Erdbeerkonfi am Entstehen<\/figcaption><\/figure>\n<p>Bei der Herstellung unserer Konfit\u00fcren achten wir darauf, nur die besten Zutaten zu verwenden: Wir stellen die Konfit\u00fcren und Gelees mit unseren hofeignen Beeren und Fr\u00fcchten her. Dazu verwenden wir Schweizer Zucker und ein 100% nat\u00fcrliches Geliermittel, basierend auf Apfelpektin und Weins\u00e4ure.<br \/>\nDas Angebot der Konfit\u00fcren und Gelees ist sehr vielf\u00e4ltig. Es befinden sich 30 verschiedene Sorten im Gestellfach.<\/p>\n<p>So finden Sie bei uns traditionelle Konfis, wie Erdbeer \u2013 oder Zwetschgenkonfit\u00fcre oder Himbeergelee. Wie auch exklusive Arten wie Kirschen-Cassiskonfi oder Aprikosen-Stachelbeerkonfi.<\/p>\n<p>Einige Konfit\u00fcren s\u00fcssen wir mit S\u00fcssstoffen wie Stevia (S\u00fcsskraut) oder Birkenzucker (Xylit aus Birkenrinde). Einge gelungene Variante f\u00fcr alle, die den &#8222;Weiss-Zucker-Konsum&#8220; reduzieren m\u00f6chten (oder m\u00fcssen).<\/p>\n<h1>Sterilisiertes<\/h1>\n<p>Das Sterilisieren ist ein alte Einmach-Technik, die Fr\u00fcchte und Gem\u00fcse haltbar macht und keinen Platz im Tiefk\u00fchler beansprucht. Das Sterilisierte ist sofort verwendbar im Gegensatz zu Tifgek\u00fchltem, was zuerst noch tauen muss.<\/p>\n<h1>Ged\u00f6rrtes<\/h1>\n<div id=\"inhalt_text\">\n<div class=\"inhaltsblock\">\n<div class=\"seite_text\">\n<figure id=\"attachment_343\" aria-describedby=\"caption-attachment-343\" style=\"width: 225px\" class=\"wp-caption alignleft\"><a href=\"http:\/\/beerihof.ch\/wordpress2014\/wp-content\/uploads\/2015\/04\/P1010602-e1432237305954.jpg\"><img loading=\"lazy\" decoding=\"async\" class=\"size-medium wp-image-343\" src=\"http:\/\/beerihof.ch\/wordpress2014\/wp-content\/uploads\/2015\/04\/P1010602-e1432237305954-225x300.jpg\" alt=\"Erdbeeren im Profi-Trocknungsger\u00e4t\" width=\"225\" height=\"300\" srcset=\"https:\/\/beerihof.ch\/wordpress2014\/wp-content\/uploads\/2015\/04\/P1010602-e1432237305954-225x300.jpg 225w, https:\/\/beerihof.ch\/wordpress2014\/wp-content\/uploads\/2015\/04\/P1010602-e1432237305954-768x1024.jpg 768w\" sizes=\"auto, (max-width: 225px) 100vw, 225px\" \/><\/a><figcaption id=\"caption-attachment-343\" class=\"wp-caption-text\">Erdbeeren im Profi-Trocknungsger\u00e4t<\/figcaption><\/figure>\n<p>Wir trocknen unsere Fr\u00fcchte mit einem Profiger\u00e4t, welches bei 40 Grad\u00a0 das Wasser entzieht. Die Fr\u00fcchte werden so sehr schonend getrocknet und behalten ihr feines Aroma. \u00d6pfelringli (mit und ohne Schale), D\u00f6rrzwetschgen oder eine gemischtes S\u00e4cklein mit \u00c4pfel, Birnen und Zwetschgen bieten sich f\u00fcr einen feinen Zvieri oder als Marsch-St\u00e4rkung bestens an.<\/p>\n<\/div>\n<\/div>\n<div><\/div>\n<\/div>\n<div id=\"navi\"><\/div>\n","protected":false},"excerpt":{"rendered":"<p>Sirup &#8211; Nicht nur etwas f\u00fcr Kinder Bei uns werden neben den Beeren auch Fr\u00fcchte entsaftet und mit dem gewonnnen Saft ein naturreines Getr\u00e4nk hergestellt. Die Auswahl aus dem vielf\u00e4ltigen Sirupangebot f\u00e4llt Ihnen sicher nicht so leicht: Bei uns im Gestell stehen neben dem klassischen Himbeersirup auch Zwetschgensirup oder Brombeer-Zitronengrassirup. Die Sirupe k\u00f6nnen 1:10 verd\u00fcnnt &hellip; <a href=\"https:\/\/beerihof.ch\/wordpress2014\/index.php\/feines-aus-der-bauernkueche\/\" class=\"more-link\">Continue reading <span class=\"screen-reader-text\">Feines aus der Bauernk\u00fcche<\/span><\/a><\/p>\n","protected":false},"author":1,"featured_media":0,"parent":0,"menu_order":0,"comment_status":"closed","ping_status":"closed","template":"","meta":{"footnotes":""},"class_list":["post-121","page","type-page","status-publish","hentry"],"_links":{"self":[{"href":"https:\/\/beerihof.ch\/wordpress2014\/index.php\/wp-json\/wp\/v2\/pages\/121","targetHints":{"allow":["GET"]}}],"collection":[{"href":"https:\/\/beerihof.ch\/wordpress2014\/index.php\/wp-json\/wp\/v2\/pages"}],"about":[{"href":"https:\/\/beerihof.ch\/wordpress2014\/index.php\/wp-json\/wp\/v2\/types\/page"}],"author":[{"embeddable":true,"href":"https:\/\/beerihof.ch\/wordpress2014\/index.php\/wp-json\/wp\/v2\/users\/1"}],"replies":[{"embeddable":true,"href":"https:\/\/beerihof.ch\/wordpress2014\/index.php\/wp-json\/wp\/v2\/comments?post=121"}],"version-history":[{"count":8,"href":"https:\/\/beerihof.ch\/wordpress2014\/index.php\/wp-json\/wp\/v2\/pages\/121\/revisions"}],"predecessor-version":[{"id":447,"href":"https:\/\/beerihof.ch\/wordpress2014\/index.php\/wp-json\/wp\/v2\/pages\/121\/revisions\/447"}],"wp:attachment":[{"href":"https:\/\/beerihof.ch\/wordpress2014\/index.php\/wp-json\/wp\/v2\/media?parent=121"}],"curies":[{"name":"wp","href":"https:\/\/api.w.org\/{rel}","templated":true}]}}