{"id":111,"date":"2015-04-20T10:14:08","date_gmt":"2015-04-20T08:14:08","guid":{"rendered":"http:\/\/beerihof.ch\/?page_id=111"},"modified":"2015-04-20T10:45:47","modified_gmt":"2015-04-20T08:45:47","slug":"sterilisierte-fruechte","status":"publish","type":"page","link":"https:\/\/beerihof.ch\/wordpress2014\/index.php\/sterilisierte-fruechte\/","title":{"rendered":"Haltbar gemachte Fr\u00fcchte"},"content":{"rendered":"<h1>Sterilisierte Fr\u00fcchte<\/h1>\n<p>Momentan bieten wir feines Apfelmus in vier Varianten sterilisiert an. Dieses vermischt mit Mascarpone, Quark oder Rahm und nach Belieben mit einem Schuss Brombeerlik\u00f6r gibt ein sensationelles Dessert.<br \/>\nDieses Angebot ist auf alle F\u00e4lle ausbauf\u00e4hig. Alles zu seiner Zeit!<\/p>\n<h1>Tiefgek\u00fchlte Fr\u00fcchte<\/h1>\n<p>Gerne bieten wir Ihnen auch im Winter Schweizer Beeren und Fr\u00fcchte an.<br \/>\nSo\u00a0finden\u00a0Sie bei uns jegliche Beeren aus unserem Sortiment, sowie Rhabarbern, Kirschen und Zwetschgen in unserer Tiefk\u00fchltruhe im Hofladen.<\/p>\n","protected":false},"excerpt":{"rendered":"<p>Sterilisierte Fr\u00fcchte Momentan bieten wir feines Apfelmus in vier Varianten sterilisiert an. Dieses vermischt mit Mascarpone, Quark oder Rahm und nach Belieben mit einem Schuss Brombeerlik\u00f6r gibt ein sensationelles Dessert. Dieses Angebot ist auf alle F\u00e4lle ausbauf\u00e4hig. Alles zu seiner Zeit! Tiefgek\u00fchlte Fr\u00fcchte Gerne bieten wir Ihnen auch im Winter Schweizer Beeren und Fr\u00fcchte an. &hellip; <a href=\"https:\/\/beerihof.ch\/wordpress2014\/index.php\/sterilisierte-fruechte\/\" class=\"more-link\">Continue reading <span class=\"screen-reader-text\">Haltbar gemachte Fr\u00fcchte<\/span><\/a><\/p>\n","protected":false},"author":1,"featured_media":0,"parent":0,"menu_order":0,"comment_status":"closed","ping_status":"closed","template":"","meta":{"footnotes":""},"class_list":["post-111","page","type-page","status-publish","hentry"],"_links":{"self":[{"href":"https:\/\/beerihof.ch\/wordpress2014\/index.php\/wp-json\/wp\/v2\/pages\/111","targetHints":{"allow":["GET"]}}],"collection":[{"href":"https:\/\/beerihof.ch\/wordpress2014\/index.php\/wp-json\/wp\/v2\/pages"}],"about":[{"href":"https:\/\/beerihof.ch\/wordpress2014\/index.php\/wp-json\/wp\/v2\/types\/page"}],"author":[{"embeddable":true,"href":"https:\/\/beerihof.ch\/wordpress2014\/index.php\/wp-json\/wp\/v2\/users\/1"}],"replies":[{"embeddable":true,"href":"https:\/\/beerihof.ch\/wordpress2014\/index.php\/wp-json\/wp\/v2\/comments?post=111"}],"version-history":[{"count":3,"href":"https:\/\/beerihof.ch\/wordpress2014\/index.php\/wp-json\/wp\/v2\/pages\/111\/revisions"}],"predecessor-version":[{"id":203,"href":"https:\/\/beerihof.ch\/wordpress2014\/index.php\/wp-json\/wp\/v2\/pages\/111\/revisions\/203"}],"wp:attachment":[{"href":"https:\/\/beerihof.ch\/wordpress2014\/index.php\/wp-json\/wp\/v2\/media?parent=111"}],"curies":[{"name":"wp","href":"https:\/\/api.w.org\/{rel}","templated":true}]}}