{"id":103,"date":"2015-04-20T10:13:22","date_gmt":"2015-04-20T08:13:22","guid":{"rendered":"http:\/\/beerihof.ch\/?page_id=103"},"modified":"2015-05-21T18:11:55","modified_gmt":"2015-05-21T16:11:55","slug":"quitten","status":"publish","type":"page","link":"https:\/\/beerihof.ch\/wordpress2014\/index.php\/quitten\/","title":{"rendered":"Quitten"},"content":{"rendered":"<p>Diese Fr\u00fcchte sind f\u00fcr das Herstellen von Gel\u00e9e sehr beliebt. Es gibt aber zunehmend auch weitere Kochideen.<br \/>\nIn den ersten Jahren haben wir einen Baum durch den Feuerbrand verloren. Zum Gl\u00fcck blieben die neu gepflanzten B\u00e4ume verschont.<\/p>\n","protected":false},"excerpt":{"rendered":"<p>Diese Fr\u00fcchte sind f\u00fcr das Herstellen von Gel\u00e9e sehr beliebt. Es gibt aber zunehmend auch weitere Kochideen. In den ersten Jahren haben wir einen Baum durch den Feuerbrand verloren. Zum Gl\u00fcck blieben die neu gepflanzten B\u00e4ume verschont.<\/p>\n","protected":false},"author":1,"featured_media":0,"parent":0,"menu_order":0,"comment_status":"closed","ping_status":"closed","template":"","meta":{"footnotes":""},"class_list":["post-103","page","type-page","status-publish","hentry"],"_links":{"self":[{"href":"https:\/\/beerihof.ch\/wordpress2014\/index.php\/wp-json\/wp\/v2\/pages\/103","targetHints":{"allow":["GET"]}}],"collection":[{"href":"https:\/\/beerihof.ch\/wordpress2014\/index.php\/wp-json\/wp\/v2\/pages"}],"about":[{"href":"https:\/\/beerihof.ch\/wordpress2014\/index.php\/wp-json\/wp\/v2\/types\/page"}],"author":[{"embeddable":true,"href":"https:\/\/beerihof.ch\/wordpress2014\/index.php\/wp-json\/wp\/v2\/users\/1"}],"replies":[{"embeddable":true,"href":"https:\/\/beerihof.ch\/wordpress2014\/index.php\/wp-json\/wp\/v2\/comments?post=103"}],"version-history":[{"count":4,"href":"https:\/\/beerihof.ch\/wordpress2014\/index.php\/wp-json\/wp\/v2\/pages\/103\/revisions"}],"predecessor-version":[{"id":321,"href":"https:\/\/beerihof.ch\/wordpress2014\/index.php\/wp-json\/wp\/v2\/pages\/103\/revisions\/321"}],"wp:attachment":[{"href":"https:\/\/beerihof.ch\/wordpress2014\/index.php\/wp-json\/wp\/v2\/media?parent=103"}],"curies":[{"name":"wp","href":"https:\/\/api.w.org\/{rel}","templated":true}]}}